{"id":60,"date":"2022-07-16T09:01:06","date_gmt":"2022-07-16T09:01:06","guid":{"rendered":"https:\/\/kadence.pixel-show.com\/pet-grooming\/?page_id=60"},"modified":"2026-03-23T19:27:02","modified_gmt":"2026-03-23T12:27:02","slug":"dieu-le","status":"publish","type":"page","link":"https:\/\/alumni.ctu.edu.vn\/channuoithuy\/dieu-le\/","title":{"rendered":"\u0110i\u1ec1u l\u1ec7"},"content":{"rendered":"<section style=\"width:100%;max-width:1140px;margin:0 auto;padding:24px 12px 56px 12px;font-family:Arial,Helvetica,sans-serif;color:#1f2d3d;line-height:1.75\">\n<div style=\"background:linear-gradient(135deg,#f4f8fc 0%,#ffffff 100%);border:1px solid #d9e5f2;border-radius:22px;padding:30px;margin-bottom:28px\">\n<div style=\"flex-wrap:wrap;gap:24px;align-items:center\">\n<div style=\"flex:1 1 560px;min-width:280px\">\n<div style=\"background:#eaf4ff;color:#005baa;font-size:13px;font-weight:700;letter-spacing:.4px;text-transform:uppercase;padding:8px 12px;border-radius:999px;margin-bottom:14px\">\n          V\u0103n B\u1ea3n \u0110i\u1ec1u L\u1ec7\n        <\/div>\n<h1 style=\"font-size:34px;line-height:1.25;margin:0 0 14px 0;color:#003d73\">\n          \u0110i\u1ec1u l\u1ec7 Ban Li\u00ean l\u1ea1c C\u1ef1u Sinh vi\u00ean Ng\u00e0nh Ch\u0103n nu\u00f4i &#8211; Th\u00fa y<br \/>\n        <\/h1>\n<p style=\"margin:0;font-size:16px;color:#5b6b7b;line-height:1.9\">\n          V\u0103n b\u1ea3n quy \u0111\u1ecbnh t\u00f4n ch\u1ec9, m\u1ee5c \u0111\u00edch, quy\u1ec1n v\u00e0 ngh\u0129a v\u1ee5 h\u1ed9i vi\u00ean, c\u01a1 c\u1ea5u t\u1ed5 ch\u1ee9c v\u00e0 nguy\u00ean t\u1eafc ho\u1ea1t \u0111\u1ed9ng c\u1ee7a Ban Li\u00ean l\u1ea1c C\u1ef1u Sinh vi\u00ean Ng\u00e0nh Ch\u0103n nu\u00f4i &#8211; Th\u00fa y \u0110\u1ea1i h\u1ecdc C\u1ea7n Th\u01a1.\n        <\/p>\n<\/p><\/div>\n<div style=\"flex:0 1 320px;min-width:240px\">\n<div style=\"background:#ffffff;border:1px solid #d9e5f2;border-radius:18px;padding:18px\">\n<div style=\"font-size:15px;font-weight:700;color:#003d73;margin-bottom:12px\">Th\u00f4ng tin nhanh<\/div>\n<div style=\"gap:10px\">\n<div style=\"background:#f8fbff;border:1px solid #d9e5f2;border-radius:12px;padding:12px 14px\">\n<div style=\"font-size:13px;color:#5b6b7b\">T\u1ed5 ch\u1ee9c<\/div>\n<div style=\"font-size:15px;font-weight:700;color:#003d73\">Ban Li\u00ean l\u1ea1c C\u1ef1u Sinh vi\u00ean Ng\u00e0nh Ch\u0103n nu\u00f4i &#8211; Th\u00fa y<\/div>\n<\/p><\/div>\n<div style=\"background:#f8fbff;border:1px solid #d9e5f2;border-radius:12px;padding:12px 14px\">\n<div style=\"font-size:13px;color:#5b6b7b\">Ph\u1ea1m vi<\/div>\n<div style=\"font-size:15px;font-weight:700;color:#003d73\">C\u1ef1u sinh vi\u00ean ng\u00e0nh Ch\u0103n nu\u00f4i &#8211; Th\u00fa y \u0110\u1ea1i h\u1ecdc C\u1ea7n Th\u01a1<\/div>\n<\/p><\/div>\n<div style=\"background:#f8fbff;border:1px solid #d9e5f2;border-radius:12px;padding:12px 14px\">\n<div style=\"font-size:13px;color:#5b6b7b\">N\u1ed9i dung ch\u00ednh<\/div>\n<div style=\"font-size:15px;font-weight:700;color:#003d73\">T\u00ean g\u1ecdi, h\u1ed9i vi\u00ean, t\u1ed5 ch\u1ee9c, t\u00e0i ch\u00ednh, \u0111i\u1ec1u l\u1ec7<\/div>\n<\/p><\/div>\n<\/p><\/div>\n<\/p><\/div>\n<\/p><\/div>\n<\/p><\/div>\n<\/p><\/div>\n<div style=\"background:#fffdf4;border:1px solid #f1e2a5;border-left:6px solid #d8b100;border-radius:16px;padding:18px 20px;margin-bottom:28px\">\n<div style=\"font-size:15px;line-height:1.9;color:#5f5a35\">\n      M\u1ecdi ng\u01b0\u1eddi ai c\u0169ng \u0111\u00e3 t\u1eebng tr\u1ea3i qua tu\u1ed5i h\u1ecdc sinh v\u1edbi nh\u1eefng k\u1ef7 ni\u1ec7m vui, bu\u1ed3n v\u00e0 \u0111\u1ec1u mang m\u1ed9t t\u00ecnh c\u1ea3m, m\u1ed9t \u01b0\u1edbc v\u1ecdng \u0111\u00f3ng g\u00f3p m\u1ed9t ph\u1ea7n c\u00f4ng s\u1ee9c x\u00e2y d\u1ef1ng m\u00e1i tr\u01b0\u1eddng, n\u01a1i \u0111\u00e3 \u0111\u00e0o t\u1ea1o m\u00ecnh ng\u00e0y m\u1ed9t \u0111\u1eb9p h\u01a1n c\u0169ng nh\u01b0 gi\u00fap \u0111\u1ee1 cho th\u1ebf h\u1ec7 \u0111i sau. Trong t\u00ecnh h\u00ecnh c\u01a1 s\u1edf v\u1eadt ch\u1ea5t, ph\u01b0\u01a1ng ti\u1ec7n ph\u1ee5c v\u1ee5 cho c\u00f4ng t\u00e1c gi\u1ea3ng d\u1ea1y c\u1ee7a nh\u00e0 tr\u01b0\u1eddng c\u0169ng nh\u01b0 \u0111\u1eddi s\u1ed1ng c\u1ee7a Th\u1ea7y C\u00f4 gi\u00e1o, sinh vi\u00ean c\u00f2n nhi\u1ec1u thi\u1ebfu th\u1ed1n, ch\u1ea5t l\u01b0\u1ee3ng \u0111\u00e0o t\u1ea1o gi\u1ea3m s\u00fat, vi\u1ec7c trao \u0111\u1ed5i th\u00f4ng tin v\u1ec1 ti\u1ebfn b\u1ed9 KHKT c\u00f2n h\u1ea1n ch\u1ebf. V\u1edbi tinh th\u1ea7n t\u00f4n s\u01b0 tr\u1ecdng \u0111\u1ea1o, t\u01b0\u01a1ng tr\u1ee3 gi\u00fap Ban Li\u00ean l\u1ea1c C\u1ef1u Sinh vi\u00ean Ng\u00e0nh Ch\u0103n nu\u00f4i &#8211; Th\u00fa y \u0110\u1ea1i h\u1ecdc C\u1ea7n Th\u01a1 c\u00f3 tr\u00e1ch nhi\u1ec7m t\u1ed5 ch\u1ee9c, v\u1eadn \u0111\u1ed9ng nh\u1eefng c\u1ef1u sinh vi\u00ean g\u00f3p ph\u1ea7n gi\u00fap \u0111\u1ee1 v\u1eadt ch\u1ea5t cho ng\u00e0nh Ch\u0103n nu\u00f4i &#8211; Th\u00fa y \u0110\u1ea1i h\u1ecdc C\u1ea7n Th\u01a1 nh\u1eb1m n\u00e2ng cao ch\u1ea5t l\u01b0\u1ee3ng \u0111\u00e0o t\u1ea1o, trao \u0111\u1ed5i c\u00e1c th\u00f4ng tin v\u1ec1 c\u00e1c ho\u1ea1t \u0111\u1ed9ng th\u1ef1c ti\u1ec5n c\u1ee7a ng\u00e0nh ngh\u1ec1, th\u1eaft ch\u1eb7t t\u00ecnh th\u00e2n h\u1eefu gi\u1eefa c\u00e1c kho\u00e1 \u0111\u00e3 c\u00f9ng h\u1ecdc d\u01b0\u1edbi m\u00e1i tr\u01b0\u1eddng, gi\u00fap \u0111\u1ee1 h\u1ed9i vi\u00ean g\u1eb7p ho\u00e0n c\u1ea3nh kh\u00f3 kh\u0103n.\n    <\/div>\n<\/p><\/div>\n<div style=\"margin-bottom:22px\">\n<div style=\"background:#003d73;color:#ffffff;border-radius:16px;padding:16px 20px;font-size:22px;font-weight:700\">\n      Ch\u01b0\u01a1ng I: T\u00ean g\u1ecdi, t\u00f4n ch\u1ec9 v\u00e0 m\u1ee5c \u0111\u00edch c\u1ee7a Ban Li\u00ean l\u1ea1c\n    <\/div>\n<\/p><\/div>\n<div style=\"gap:16px;margin-bottom:28px\">\n<div style=\"background:#ffffff;border:1px solid #d9e5f2;border-radius:18px;padding:20px\">\n<div style=\"font-size:18px;font-weight:700;color:#005baa;margin-bottom:10px\">\u0110i\u1ec1u 1<\/div>\n<div style=\"color:#44566c\">\n        T\u00ean g\u1ecdi c\u1ee7a Ban Li\u00ean l\u1ea1c l\u00e0 Ban Li\u00ean l\u1ea1c C\u1ef1u Sinh vi\u00ean Ng\u00e0nh Ch\u0103n nu\u00f4i Th\u00fa y \u0110\u1ea1i h\u1ecdc C\u1ea7n Th\u01a1, l\u00e0 t\u1ed5 ch\u1ee9c c\u1ee7a c\u00e1c sinh vi\u00ean \u0111\u00e3 h\u1ecdc ng\u00e0nh Ch\u0103n nu\u00f4i &#8211; Th\u00fa y \u0110\u1ea1i h\u1ecdc C\u1ea7n Th\u01a1 v\u00e0 c\u00e1c Tr\u01b0\u1eddng t\u1ea1i ch\u1ee9c do Khoa Ch\u0103n nu\u00f4i Th\u00fa y t\u1ed5 ch\u1ee9c; t\u00e1n th\u00e0nh \u0111i\u1ec1u l\u1ec7 v\u00e0 \u0111\u1ed3ng \u00fd gia nh\u1eadp Ban Li\u00ean l\u1ea1c. Ban Li\u00ean l\u1ea1c C\u1ef1u Sinh vi\u00ean Ng\u00e0nh Ch\u0103n nu\u00f4i Th\u00fa y \u0110\u1ea1i h\u1ecdc C\u1ea7n Th\u01a1 l\u00e0 t\u1ed5 ch\u1ee9c th\u00e0nh vi\u00ean c\u1ee7a U\u1ef7 ban M\u1eb7t tr\u1eadn T\u1ed5 qu\u1ed1c t\u1ec9nh C\u1ea7n Th\u01a1.\n      <\/div>\n<\/p><\/div>\n<div style=\"background:#ffffff;border:1px solid #d9e5f2;border-radius:18px;padding:20px\">\n<div style=\"font-size:18px;font-weight:700;color:#005baa;margin-bottom:10px\">\u0110i\u1ec1u 2<\/div>\n<div style=\"color:#44566c\">\n        Ban Li\u00ean l\u1ea1c C\u1ef1u Sinh vi\u00ean Ng\u00e0nh Ch\u0103n nu\u00f4i Th\u00fa y \u0110\u1ea1i h\u1ecdc C\u1ea7n Th\u01a1 ho\u1ea1t \u0111\u1ed9ng v\u1edbi t\u00f4n ch\u1ec9 l\u00e0 m\u1ed9t t\u1ed5 ch\u1ee9c t\u1ef1 nguy\u1ec7n g\u00f3p ph\u1ea7n gi\u00fap \u0111\u1ee1 ng\u00e0nh Ch\u0103n nu\u00f4i &#8211; Th\u00fa y \u0110\u1ea1i h\u1ecdc C\u1ea7n Th\u01a1 n\u01a1i \u0111\u00e3 \u0111\u00e0o t\u1ea1o ra m\u00ecnh. B\u00ean c\u1ea1nh \u0111\u00f3, c\u0169ng gi\u00fap \u0111\u1ee1 t\u1ea1o \u0111i\u1ec1u ki\u1ec7n cho h\u1ed9i vi\u00ean n\u00e2ng cao \u0111\u01b0\u1ee3c ki\u1ebfn th\u1ee9c \u0111\u00e3 h\u1ecdc, \u00e1p d\u1ee5ng c\u00f3 hi\u1ec7u qu\u1ea3 v\u00e0o c\u00f4ng t\u00e1c chuy\u00ean m\u00f4n, th\u1ef1c t\u1ebf.<\/p>\n<p>        Tr\u00ean c\u01a1 s\u1edf \u0111\u00f3, Ban Li\u00ean l\u1ea1c s\u1ebd ho\u1ea1t \u0111\u1ed9ng qua c\u00e1c h\u00ecnh th\u1ee9c sau \u0111\u00e2y:<br \/>\n        <br \/>&#8211; Trao \u0111\u1ed5i c\u00e1c th\u00f4ng tin v\u1ec1 c\u00e1c ti\u1ebfn b\u1ed9 KHKT, c\u00e1c ho\u1ea1t \u0111\u1ed9ng th\u1ef1c ti\u1ec5n c\u1ee7a ng\u00e0nh Ch\u0103n nu\u00f4i &#8211; Th\u00fa y v\u00e0 c\u00e1c l\u0129nh v\u1ef1c khoa h\u1ecdc k\u1ef9 thu\u1eadt kh\u00e1c.<br \/>\n        <br \/>&#8211; H\u1ed7 tr\u1ee3 c\u00f4ng t\u00e1c \u0111\u00e0o t\u1ea1o c\u1ee7a ng\u00e0nh Ch\u0103n nu\u00f4i &#8211; Th\u00fa y \u0110\u1ea1i h\u1ecdc C\u1ea7n Th\u01a1 b\u1eb1ng nhi\u1ec1u h\u00ecnh th\u1ee9c trong kh\u1ea3 n\u0103ng c\u1ee7a Ban Li\u00ean l\u1ea1c.<br \/>\n        <br \/>&#8211; T\u01b0\u01a1ng tr\u1ee3 nhau trong \u0111\u1eddi s\u1ed1ng, c\u00f4ng t\u00e1c v\u00e0 s\u1ea3n xu\u1ea5t kinh doanh.<br \/>\n        <br \/>&#8211; Th\u1eaft ch\u1eb7t t\u00ecnh \u0111o\u00e0n k\u1ebft gi\u1eefa sinh vi\u00ean c\u00e1c kho\u00e1 v\u00e0 ng\u00e0nh Ch\u0103n nu\u00f4i &#8211; Th\u00fa y \u0110\u1ea1i h\u1ecdc C\u1ea7n Th\u01a1 b\u1eb1ng c\u00e1ch h\u1ecdp m\u1eb7t truy\u1ec1n th\u1ed1ng ng\u00e0nh Ch\u0103n nu\u00f4i Th\u00fa y \u0110\u1ea1i h\u1ecdc C\u1ea7n Th\u01a1 (3 n\u0103m\/l\u1ea7n).\n      <\/div>\n<\/p><\/div>\n<div style=\"background:#ffffff;border:1px solid #d9e5f2;border-radius:18px;padding:20px\">\n<div style=\"font-size:18px;font-weight:700;color:#005baa;margin-bottom:10px\">\u0110i\u1ec1u 3<\/div>\n<div style=\"color:#44566c\">\n        Ban Li\u00ean l\u1ea1c c\u00f3 t\u01b0 c\u00e1ch ph\u00e1p nh\u00e2n, c\u00f3 con d\u1ea5u \u0111\u01b0\u1ee3c UBND t\u1ec9nh C\u1ea7n Th\u01a1 quy\u1ebft \u0111\u1ecbnh d\u00f9ng trong c\u00e1c ho\u1ea1t \u0111\u1ed9ng ch\u00ednh th\u1ee9c c\u1ee7a Ban Li\u00ean l\u1ea1c.\n      <\/div>\n<\/p><\/div>\n<\/p><\/div>\n<div style=\"margin-bottom:22px\">\n<div style=\"background:#003d73;color:#ffffff;border-radius:16px;padding:16px 20px;font-size:22px;font-weight:700\">\n      Ch\u01b0\u01a1ng II: H\u1ed9i vi\u00ean c\u1ee7a Ban Li\u00ean l\u1ea1c\n    <\/div>\n<\/p><\/div>\n<div style=\"gap:16px;margin-bottom:28px\">\n<div style=\"background:#ffffff;border:1px solid #d9e5f2;border-radius:18px;padding:20px\">\n<div style=\"font-size:18px;font-weight:700;color:#005baa;margin-bottom:10px\">\u0110i\u1ec1u 4<\/div>\n<div style=\"color:#44566c\">\n        T\u1ea5t c\u1ea3 sinh vi\u00ean \u0111\u00e3 h\u1ecdc ng\u00e0nh Ch\u0103n nu\u00f4i &#8211; Th\u00fa y \u0110\u1ea1i h\u1ecdc C\u1ea7n Th\u01a1 t\u00e1n th\u00e0nh \u0111i\u1ec1u l\u1ec7 v\u00e0 t\u1ef1 nguy\u1ec7n ho\u1ea1t \u0111\u1ed9ng theo \u0111i\u1ec1u l\u1ec7 \u0111\u1ec1u c\u00f3 th\u1ec3 xin gia nh\u1eadp Ban Li\u00ean l\u1ea1c.\n      <\/div>\n<\/p><\/div>\n<div style=\"background:#ffffff;border:1px solid #d9e5f2;border-radius:18px;padding:20px\">\n<div style=\"font-size:18px;font-weight:700;color:#005baa;margin-bottom:10px\">\u0110i\u1ec1u 5<\/div>\n<div style=\"color:#44566c\">\n        &#8211; H\u1ed9i vi\u00ean c\u00f3 nhi\u1ec7m v\u1ee5 t\u00f4n tr\u1ecdng \u0111i\u1ec1u l\u1ec7 Ban Li\u00ean l\u1ea1c, gi\u00fap \u0111\u1ee1 Ban Li\u00ean l\u1ea1c trong kh\u1ea3 n\u0103ng v\u00e0 nh\u1edd Ban Li\u00ean l\u1ea1c gi\u00fap \u0111\u1ee1 (theo \u0110i\u1ec1u 2).<br \/>\n        <br \/>&#8211; H\u1ed9i vi\u00ean c\u00f3 quy\u1ec1n b\u00e0n b\u1ea1c, g\u00f3p \u00fd v\u1edbi Ban Ch\u1ea5p h\u00e0nh v\u1ec1 c\u00f4ng vi\u1ec7c c\u1ee7a Ban Li\u00ean l\u1ea1c, \u0111\u1ec1 c\u1eed ho\u1eb7c \u1ee9ng c\u1eed v\u00e0o Ban Ch\u1ea5p h\u00e0nh Ban Li\u00ean l\u1ea1c.<br \/>\n        <br \/>&#8211; T\u1ea1i \u0110\u1ea1i h\u1ed9i th\u01b0\u1eddng k\u1ef3, h\u1ed9i vi\u00ean c\u00f3 quy\u1ec1n th\u1ea3o lu\u1eadn bi\u1ec3u quy\u1ebft c\u00f4ng t\u00e1c nhi\u1ec7m v\u1ee5 v\u00e0 b\u1ea7u Ban Ch\u1ea5p h\u00e0nh m\u1edbi.<br \/>\n        <br \/>&#8211; H\u1ed9i vi\u00ean c\u00f3 quy\u1ec1n y\u00eau c\u1ea7u Ban Li\u00ean l\u1ea1c gi\u00fap \u0111\u1ee1 b\u1ed3i d\u01b0\u1ee1ng kh\u1ea3 n\u0103ng chuy\u00ean m\u00f4n ho\u1eb7c \u0111i\u1ec1u ki\u1ec7n v\u1eadt ch\u1ea5t khi c\u1ea7n thi\u1ebft.<br \/>\n        <br \/>&#8211; H\u1ed9i vi\u00ean c\u00f3 \u0111\u00f3ng g\u00f3p t\u00e0i ch\u00ednh cho Ban Li\u00ean l\u1ea1c m\u1ed9t c\u00e1ch t\u1ef1 nguy\u1ec7n. H\u1ed9i vi\u00ean \u0111\u00f3ng g\u00f3p h\u1ed9i ph\u00ed cho Ban Li\u00ean l\u1ea1c 6 th\u00e1ng\/l\u1ea7n (6.000 \u0111\u1ed3ng) cho t\u1ed5 ch\u1ee9c g\u1ea7n nh\u1ea5t.\n      <\/div>\n<\/p><\/div>\n<\/p><\/div>\n<div style=\"margin-bottom:22px\">\n<div style=\"background:#003d73;color:#ffffff;border-radius:16px;padding:16px 20px;font-size:22px;font-weight:700\">\n      Ch\u01b0\u01a1ng III: T\u1ed5 ch\u1ee9c c\u1ee7a Ban Li\u00ean l\u1ea1c\n    <\/div>\n<\/p><\/div>\n<div style=\"gap:16px;margin-bottom:28px\">\n<div style=\"background:#ffffff;border:1px solid #d9e5f2;border-radius:18px;padding:20px\">\n<div style=\"font-size:18px;font-weight:700;color:#005baa;margin-bottom:10px\">\u0110i\u1ec1u 6<\/div>\n<div style=\"color:#44566c\">\n        V\u00e0o ng\u00e0y truy\u1ec1n th\u1ed1ng ng\u00e0nh Ch\u0103n nu\u00f4i &#8211; Th\u00fa y, Ban Li\u00ean l\u1ea1c s\u1ebd t\u1ed5 ch\u1ee9c \u0110\u1ea1i h\u1ed9i nh\u1eb1m b\u1ea7u Ban Ch\u1ea5p h\u00e0nh v\u00e0 \u0111\u1ec1 ra c\u00e1c c\u00f4ng t\u00e1c cho nhi\u1ec7m k\u1ef3. S\u1ed1 l\u01b0\u1ee3ng th\u00e0nh vi\u00ean Ban Ch\u1ea5p h\u00e0nh do \u0110\u1ea1i h\u1ed9i quy\u1ebft \u0111\u1ecbnh cho ph\u00f9 h\u1ee3p v\u1edbi c\u00f4ng t\u00e1c c\u1ee7a nhi\u1ec7m k\u1ef3. Ban Ch\u1ea5p h\u00e0nh g\u1ed3m 1 Ch\u1ee7 t\u1ecbch, 2 Ph\u00f3 Ch\u1ee7 t\u1ecbch, 1 Th\u1ee7 qu\u1ef9 v\u00e0 c\u00e1c u\u1ef7 vi\u00ean.<\/p>\n<p>        &#8211; T\u1ea1i \u0110\u1ea1i h\u1ed9i, to\u00e0n th\u1ec3 h\u1ed9i vi\u00ean s\u1ebd b\u1ea7u Ban Ch\u1ea5p h\u00e0nh m\u1edbi d\u01b0\u1edbi h\u00ecnh th\u1ee9c ph\u1ed5 th\u00f4ng \u0111\u1ea7u phi\u1ebfu, tr\u1ef1c ti\u1ebfp v\u00e0 b\u1ecf phi\u1ebfu k\u00edn.<br \/>\n        <br \/>&#8211; Ban Ch\u1ea5p h\u00e0nh \u0111\u1ec1 c\u1eed Th\u01b0\u1eddng tr\u1ef1c Ban Ch\u1ea5p h\u00e0nh g\u1ed3m 5 ng\u01b0\u1eddi \u0111\u1ec3 \u0111i\u1ec1u h\u00e0nh c\u00f4ng t\u00e1c c\u1ee7a Ban Li\u00ean l\u1ea1c. Th\u01b0\u1eddng tr\u1ef1c Ban Ch\u1ea5p h\u00e0nh \u0111\u1eb7t t\u1ea1i C\u1ea7n Th\u01a1, tr\u1ee5 s\u1edf Ban Li\u00ean l\u1ea1c C\u1ef1u Sinh vi\u00ean Ng\u00e0nh Ch\u0103n nu\u00f4i &#8211; Th\u00fa y \u0111\u1eb7t t\u1ea1i Khoa N\u00f4ng nghi\u1ec7p &amp; Sinh h\u1ecdc \u1ee9ng d\u1ee5ng, \u0110\u1ea1i h\u1ecdc C\u1ea7n Th\u01a1.<br \/>\n        <br \/>&#8211; Ban Ch\u1ea5p h\u00e0nh 6 th\u00e1ng h\u1ecdp 1 l\u1ea7n \u0111\u1ec3 b\u00e1o c\u00e1o t\u00ecnh h\u00ecnh ho\u1ea1t \u0111\u1ed9ng c\u1ee7a Ban Li\u00ean l\u1ea1c v\u00e0 b\u00e0n c\u00f4ng t\u00e1c t\u1edbi, 6 th\u00e1ng \u0111\u1ea7u n\u0103m s\u01a1 k\u1ebft c\u00f4ng t\u00e1c v\u00e0 \u0111\u1ee3t cu\u1ed1i n\u0103m t\u1ed5ng k\u1ebft c\u00f4ng t\u00e1c trong n\u0103m.\n      <\/div>\n<\/p><\/div>\n<div style=\"background:#ffffff;border:1px solid #d9e5f2;border-radius:18px;padding:20px\">\n<div style=\"font-size:18px;font-weight:700;color:#005baa;margin-bottom:10px\">\u0110i\u1ec1u 7<\/div>\n<div style=\"color:#44566c\">\n        Ban Ch\u1ea5p h\u00e0nh m\u1eddi Th\u1ea7y C\u00f4 gi\u00e1o \u0111\u00e3 d\u1ea1y t\u1ea1i Khoa Ch\u0103n nu\u00f4i &#8211; Th\u00fa y hay c\u00e1c \u0111\u1ed3ng ch\u00ed l\u00e3nh \u0111\u1ea1o c\u00e1c c\u01a1 quan c\u00f3 li\u00ean h\u1ec7 \u0111\u1ebfn ng\u00e0nh Ch\u0103n nu\u00f4i &#8211; Th\u00fa y l\u00e0m c\u1ed1 v\u1ea5n cho Ban Li\u00ean l\u1ea1c. Ban C\u1ed1 v\u1ea5n g\u1ed3m 5 th\u00e0nh vi\u00ean s\u1ebd g\u00f3p \u00fd cho Ban Ch\u1ea5p h\u00e0nh trong vi\u1ec7c \u0111i\u1ec1u h\u00e0nh c\u00f4ng t\u00e1c c\u1ee7a Ban Li\u00ean l\u1ea1c.\n      <\/div>\n<\/p><\/div>\n<\/p><\/div>\n<div style=\"margin-bottom:22px\">\n<div style=\"background:#003d73;color:#ffffff;border-radius:16px;padding:16px 20px;font-size:22px;font-weight:700\">\n      Ch\u01b0\u01a1ng IV: T\u00e0i ch\u00ednh c\u1ee7a Ban Li\u00ean l\u1ea1c\n    <\/div>\n<\/p><\/div>\n<div style=\"gap:16px;margin-bottom:28px\">\n<div style=\"background:#ffffff;border:1px solid #d9e5f2;border-radius:18px;padding:20px\">\n<div style=\"font-size:18px;font-weight:700;color:#005baa;margin-bottom:10px\">\u0110i\u1ec1u 8<\/div>\n<div style=\"color:#44566c\">\n        Ban Li\u00ean l\u1ea1c t\u1ef1 ch\u1ecbu tr\u00e1ch nhi\u1ec7m v\u1ec1 m\u1eb7t t\u00e0i ch\u00ednh. Kinh ph\u00ed ho\u1ea1t \u0111\u1ed9ng c\u1ee7a Ban Li\u00ean l\u1ea1c do c\u00e1c c\u00e1 nh\u00e2n hay c\u01a1 quan t\u1ef1 nguy\u1ec7n \u0111\u00f3ng g\u00f3p v\u00e0 h\u1ed9i ph\u00ed c\u1ee7a h\u1ed9i vi\u00ean. Ban Li\u00ean l\u1ea1c C\u1ef1u Sinh vi\u00ean Ng\u00e0nh Ch\u0103n nu\u00f4i Th\u00fa y \u0110\u1ea1i h\u1ecdc C\u1ea7n Th\u01a1 khi c\u00f3 \u0111i\u1ec1u ki\u1ec7n c\u00f3 th\u1ec3 ho\u1ea1t \u0111\u1ed9ng s\u1ea3n xu\u1ea5t, kinh doanh v\u1ec1 ng\u00e0nh Ch\u0103n nu\u00f4i &#8211; Th\u00fa y theo ph\u00e1p lu\u1eadt nh\u00e0 n\u01b0\u1edbc.\n      <\/div>\n<\/p><\/div>\n<div style=\"background:#ffffff;border:1px solid #d9e5f2;border-radius:18px;padding:20px\">\n<div style=\"font-size:18px;font-weight:700;color:#005baa;margin-bottom:10px\">\u0110i\u1ec1u 9<\/div>\n<div style=\"color:#44566c\">\n        Ban Ch\u1ea5p h\u00e0nh ch\u1ec9 \u0111\u01b0\u1ee3c s\u1eed d\u1ee5ng qu\u1ef9 c\u1ee7a Ban Li\u00ean l\u1ea1c nh\u1eb1m th\u1ef1c hi\u1ec7n c\u00e1c m\u1ee5c \u0111\u00edch c\u1ee7a Ban Li\u00ean l\u1ea1c. Ph\u1ea3i b\u00e1o c\u00e1o r\u00f5 quy\u1ebft to\u00e1n thu chi trong nhi\u1ec7m k\u1ef3 tr\u01b0\u1edbc \u0110\u1ea1i h\u1ed9i.\n      <\/div>\n<\/p><\/div>\n<div style=\"background:#ffffff;border:1px solid #d9e5f2;border-radius:18px;padding:20px\">\n<div style=\"font-size:18px;font-weight:700;color:#005baa;margin-bottom:10px\">\u0110i\u1ec1u 10<\/div>\n<div style=\"color:#44566c\">\n        Ch\u1ec9 c\u00f3 \u0110\u1ea1i h\u1ed9i Ban Li\u00ean l\u1ea1c C\u1ef1u Sinh vi\u00ean Ng\u00e0nh Ch\u0103n nu\u00f4i Th\u00fa y \u0110\u1ea1i h\u1ecdc C\u1ea7n Th\u01a1 m\u1edbi c\u00f3 quy\u1ec1n s\u1eeda \u0111\u1ed5i \u0111i\u1ec1u l\u1ec7 c\u1ee7a Ban Li\u00ean l\u1ea1c.\n      <\/div>\n<\/p><\/div>\n<\/p><\/div>\n<div style=\"background:#f8fbff;border:1px solid #d9e5f2;border-radius:18px;padding:20px;text-align:center\">\n<div style=\"font-size:15px;font-weight:700;color:#003d73;margin-bottom:8px\">Tinh th\u1ea7n c\u1ed1t l\u00f5i c\u1ee7a \u0111i\u1ec1u l\u1ec7<\/div>\n<div style=\"font-size:14px;color:#5b6b7b;line-height:1.8;max-width:760px;margin:0 auto\">\n      T\u1ef1 nguy\u1ec7n g\u1eafn k\u1ebft, t\u01b0\u01a1ng tr\u1ee3 h\u1ed9i vi\u00ean, \u0111\u1ed3ng h\u00e0nh c\u00f9ng nh\u00e0 tr\u01b0\u1eddng, h\u1ed7 tr\u1ee3 \u0111\u00e0o t\u1ea1o v\u00e0 ph\u00e1t huy truy\u1ec1n th\u1ed1ng ng\u00e0nh Ch\u0103n nu\u00f4i &#8211; Th\u00fa y \u0110\u1ea1i h\u1ecdc C\u1ea7n Th\u01a1.\n    <\/div>\n<\/p><\/div>\n<\/section>\n","protected":false},"excerpt":{"rendered":"<p>V\u0103n B\u1ea3n \u0110i\u1ec1u L\u1ec7 \u0110i\u1ec1u l\u1ec7 Ban Li\u00ean l\u1ea1c C\u1ef1u Sinh vi\u00ean Ng\u00e0nh Ch\u0103n nu\u00f4i &#8211; Th\u00fa y V\u0103n b\u1ea3n quy \u0111\u1ecbnh t\u00f4n ch\u1ec9, m\u1ee5c \u0111\u00edch, quy\u1ec1n v\u00e0 ngh\u0129a v\u1ee5&#8230;<\/p>\n","protected":false},"author":1,"featured_media":0,"parent":0,"menu_order":0,"comment_status":"closed","ping_status":"closed","template":"","meta":{"_kad_blocks_custom_css":"","_kad_blocks_head_custom_js":"","_kad_blocks_body_custom_js":"","_kad_blocks_footer_custom_js":"","_EventAllDay":false,"_EventTimezone":"","_EventStartDate":"","_EventEndDate":"","_EventStartDateUTC":"","_EventEndDateUTC":"","_EventShowMap":false,"_EventShowMapLink":false,"_EventURL":"","_EventCost":"","_EventCostDescription":"","_EventCurrencySymbol":"","_EventCurrencyCode":"","_EventCurrencyPosition":"","_EventDateTimeSeparator":"","_EventTimeRangeSeparator":"","_EventOrganizerID":[],"_EventVenueID":[],"_OrganizerEmail":"","_OrganizerPhone":"","_OrganizerWebsite":"","_VenueAddress":"","_VenueCity":"","_VenueCountry":"","_VenueProvince":"","_VenueState":"","_VenueZip":"","_VenuePhone":"","_VenueURL":"","_VenueStateProvince":"","_VenueLat":"","_VenueLng":"","_VenueShowMap":false,"_VenueShowMapLink":false,"_kadence_starter_templates_imported_post":true,"_kad_post_transparent":"disable","_kad_post_title":"hide","_kad_post_layout":"normal","_kad_post_sidebar_id":"","_kad_post_content_style":"unboxed","_kad_post_vertical_padding":"hide","_kad_post_feature":"hide","_kad_post_feature_position":"","_kad_post_header":false,"_kad_post_footer":false,"_kad_post_classname":"","footnotes":""},"class_list":["post-60","page","type-page","status-publish","hentry"],"taxonomy_info":[],"featured_image_src_large":false,"author_info":{"display_name":"L\u00ea Thanh SANG","author_link":"https:\/\/alumni.ctu.edu.vn\/channuoithuy\/author\/ltsang\/"},"comment_info":0,"_links":{"self":[{"href":"https:\/\/alumni.ctu.edu.vn\/channuoithuy\/wp-json\/wp\/v2\/pages\/60","targetHints":{"allow":["GET"]}}],"collection":[{"href":"https:\/\/alumni.ctu.edu.vn\/channuoithuy\/wp-json\/wp\/v2\/pages"}],"about":[{"href":"https:\/\/alumni.ctu.edu.vn\/channuoithuy\/wp-json\/wp\/v2\/types\/page"}],"author":[{"embeddable":true,"href":"https:\/\/alumni.ctu.edu.vn\/channuoithuy\/wp-json\/wp\/v2\/users\/1"}],"replies":[{"embeddable":true,"href":"https:\/\/alumni.ctu.edu.vn\/channuoithuy\/wp-json\/wp\/v2\/comments?post=60"}],"version-history":[{"count":11,"href":"https:\/\/alumni.ctu.edu.vn\/channuoithuy\/wp-json\/wp\/v2\/pages\/60\/revisions"}],"predecessor-version":[{"id":1632,"href":"https:\/\/alumni.ctu.edu.vn\/channuoithuy\/wp-json\/wp\/v2\/pages\/60\/revisions\/1632"}],"wp:attachment":[{"href":"https:\/\/alumni.ctu.edu.vn\/channuoithuy\/wp-json\/wp\/v2\/media?parent=60"}],"curies":[{"name":"wp","href":"https:\/\/api.w.org\/{rel}","templated":true}]}}