{"id":57,"date":"2022-07-16T09:00:49","date_gmt":"2022-07-16T09:00:49","guid":{"rendered":"https:\/\/kadence.pixel-show.com\/pet-grooming\/?page_id=57"},"modified":"2026-03-25T19:57:20","modified_gmt":"2026-03-25T12:57:20","slug":"contacts","status":"publish","type":"page","link":"https:\/\/alumni.ctu.edu.vn\/channuoithuy\/contacts\/","title":{"rendered":"Contact"},"content":{"rendered":"<style>.kb-row-layout-idbll_contact_clean > .kt-row-column-wrap{align-content:start;}:where(.kb-row-layout-idbll_contact_clean > .kt-row-column-wrap) > .wp-block-kadence-column{justify-content:start;}.kb-row-layout-idbll_contact_clean > .kt-row-column-wrap{column-gap:var(--global-kb-gap-md, 2rem);row-gap:var(--global-kb-gap-md, 2rem);max-width:var( --global-content-width, 1290px );padding-left:var(--global-content-edge-padding);padding-right:var(--global-content-edge-padding);padding-top:60px;padding-bottom:60px;padding-left:20px;padding-right:20px;grid-template-columns:minmax(0, 1fr);}.kb-row-layout-idbll_contact_clean{background-color:#f8fbff;}.kb-row-layout-idbll_contact_clean > .kt-row-layout-overlay{opacity:0.30;}@media all and (max-width: 1024px){.kb-row-layout-idbll_contact_clean > .kt-row-column-wrap{grid-template-columns:minmax(0, 1fr);}}@media all and (max-width: 767px){.kb-row-layout-idbll_contact_clean > .kt-row-column-wrap{padding-top:40px;padding-bottom:40px;padding-left:20px;padding-right:20px;grid-template-columns:minmax(0, 1fr);}}<\/style><div class=\"kb-row-layout-wrap kb-row-layout-idbll_contact_clean alignnone kt-row-has-bg wp-block-kadence-rowlayout\"><div class=\"kt-row-column-wrap kt-has-1-columns kt-row-layout-equal kt-tab-layout-inherit kt-mobile-layout-row kt-row-valign-top kb-theme-content-width\">\n<style>.kadence-columnbll_contact_col > .kt-inside-inner-col{border-top-width:0px;border-right-width:0px;border-bottom-width:0px;border-left-width:0px;}.kadence-columnbll_contact_col > .kt-inside-inner-col,.kadence-columnbll_contact_col > .kt-inside-inner-col:before{border-top-left-radius:0px;border-top-right-radius:0px;border-bottom-right-radius:0px;border-bottom-left-radius:0px;}.kadence-columnbll_contact_col > .kt-inside-inner-col{column-gap:var(--global-kb-gap-sm, 1rem);}.kadence-columnbll_contact_col > .kt-inside-inner-col{flex-direction:column;}.kadence-columnbll_contact_col > .kt-inside-inner-col > .aligncenter{width:100%;}.kadence-columnbll_contact_col > .kt-inside-inner-col:before{opacity:0.3;}.kadence-columnbll_contact_col{position:relative;}@media all and (max-width: 1024px){.kadence-columnbll_contact_col > .kt-inside-inner-col{flex-direction:column;justify-content:center;}}@media all and (max-width: 767px){.kadence-columnbll_contact_col > .kt-inside-inner-col{flex-direction:column;justify-content:center;}}<\/style>\n<div class=\"wp-block-kadence-column kadence-columnbll_contact_col\">\n  <div class=\"kt-inside-inner-col\">\n\n    \n    <div class=\"wp-block-group has-border-color has-theme-palette-7-border-color has-background\" style=\"border-width:1px;border-radius:20px;background-color:#ffffff;padding-top:28px;padding-right:28px;padding-bottom:28px;padding-left:28px\"><div class=\"wp-block-group__inner-container is-layout-constrained wp-container-core-group-is-layout-f7a509ca wp-block-group-is-layout-constrained\">\n\n      \n      <p class=\"has-text-align-center has-text-color has-background\" style=\"border-radius:999px;color:#005baa;background-color:#eaf4ff;margin-bottom:10px;font-size:12px;font-style:normal;font-weight:700;letter-spacing:0.4px;text-transform:uppercase\">Th\u00f4ng tin li\u00ean h\u1ec7<\/p>\n      \n\n      \n      <h2 class=\"wp-block-heading has-text-align-center has-text-color\" style=\"color:#003d73;margin-bottom:10px;font-size:34px;font-style:normal;font-weight:700;line-height:1.3\">Ban Li\u00ean l\u1ea1c C\u1ef1u sinh vi\u00ean ng\u00e0nh Ch\u0103n nu\u00f4i &#8211; Th\u00fa y<\/h2>\n      \n\n      \n      <p class=\"has-text-align-center has-text-color\" style=\"color:#5b6b7b;margin-bottom:26px;font-size:16px;line-height:1.8\">Qu\u00fd th\u1ea7y c\u00f4, c\u1ef1u sinh vi\u00ean v\u00e0 c\u00e1c \u0111\u01a1n v\u1ecb c\u00f3 th\u1ec3 li\u00ean h\u1ec7 tr\u1ef1c ti\u1ebfp qua c\u00e1c \u0111\u1ea7u m\u1ed1i d\u01b0\u1edbi \u0111\u00e2y.<\/p>\n      \n\n      \n      <div class=\"wp-block-group\"><div class=\"wp-block-group__inner-container is-layout-constrained wp-block-group-is-layout-constrained\">\n\n        \n        <div class=\"wp-block-group has-border-color has-background\" style=\"border-color:#d9e5f2;border-top-width:4px;border-width:1px;border-radius:16px;background-color:#f8fbff;padding-top:22px;padding-right:20px;padding-bottom:22px;padding-left:20px\"><div class=\"wp-block-group__inner-container is-layout-constrained wp-container-core-group-is-layout-47b2ae81 wp-block-group-is-layout-constrained\">\n          \n          <h4 class=\"wp-block-heading has-text-color\" style=\"color:#003d73;margin-bottom:8px;font-size:22px;font-style:normal;font-weight:700;line-height:1.4\">Ph\u00f3 Gi\u00e1o s\u01b0, Ti\u1ebfn s\u0129 H\u1ed3 Qu\u1ea3ng \u0110\u1ed3<\/h4>\n          \n\n          \n          <p class=\"has-text-color\" style=\"color:#005baa;margin-bottom:6px;font-size:15px;font-style:normal;font-weight:700;line-height:1.8\">Tr\u01b0\u1edfng Ban<\/p>\n          \n\n          \n          <p class=\"has-text-color\" style=\"color:#5b6b7b;font-size:15px;line-height:1.8\"><a href=\"mailto:hqdo@ctu.edu.vn\" style=\"color:#5b6b7b;text-decoration:none\">hqdo@ctu.edu.vn<\/a><\/p>\n          \n        <\/div><\/div>\n        \n\n        \n        <div class=\"wp-block-group has-border-color has-background\" style=\"border-color:#d9e5f2;border-top-width:4px;border-width:1px;border-radius:16px;background-color:#f8fbff;padding-top:22px;padding-right:20px;padding-bottom:22px;padding-left:20px\"><div class=\"wp-block-group__inner-container is-layout-constrained wp-container-core-group-is-layout-47b2ae81 wp-block-group-is-layout-constrained\">\n          \n          <h4 class=\"wp-block-heading has-text-color\" style=\"color:#003d73;margin-bottom:8px;font-size:22px;font-style:normal;font-weight:700;line-height:1.4\">Ph\u00f3 Gi\u00e1o s\u01b0, Ti\u1ebfn s\u0129 Tr\u1ea7n Ng\u1ecdc B\u00edch<\/h4>\n          \n\n          \n          <p class=\"has-text-color\" style=\"color:#005baa;margin-bottom:6px;font-size:15px;font-style:normal;font-weight:700;line-height:1.8\">Ph\u00f3 Tr\u01b0\u1edfng Ban th\u01b0\u1eddng tr\u1ef1c<\/p>\n          \n\n          \n          <p class=\"has-text-color\" style=\"color:#5b6b7b;font-size:15px;line-height:1.8\"><a href=\"mailto:tnbich@ctu.edu.vn\" style=\"color:#5b6b7b;text-decoration:none\">tnbich@ctu.edu.vn<\/a><\/p>\n          \n        <\/div><\/div>\n        \n\n        \n        <div class=\"wp-block-group has-border-color has-background\" style=\"border-color:#d9e5f2;border-top-width:4px;border-width:1px;border-radius:16px;background-color:#f8fbff;padding-top:22px;padding-right:20px;padding-bottom:22px;padding-left:20px\"><div class=\"wp-block-group__inner-container is-layout-constrained wp-container-core-group-is-layout-47b2ae81 wp-block-group-is-layout-constrained\">\n          \n          <h4 class=\"wp-block-heading has-text-color\" style=\"color:#003d73;margin-bottom:8px;font-size:22px;font-style:normal;font-weight:700;line-height:1.4\">Ph\u00f3 Gi\u00e1o s\u01b0, Ti\u1ebfn s\u0129 L\u00e2m Ph\u01b0\u1edbc Th\u00e0nh<\/h4>\n          \n\n          \n          <p class=\"has-text-color\" style=\"color:#005baa;margin-bottom:6px;font-size:15px;font-style:normal;font-weight:700;line-height:1.8\">Th\u01b0 k\u00fd Tr\u01b0\u1edfng ban<\/p>\n          \n\n          \n          <p class=\"has-text-color\" style=\"color:#5b6b7b;font-size:15px;line-height:1.8\"><a href=\"mailto:phuocthanh@ctu.edu.vn\" style=\"color:#5b6b7b;text-decoration:none\">phuocthanh@ctu.edu.vn<\/a><\/p>\n          \n        <\/div><\/div>\n        \n\n      <\/div><\/div>\n      \n\n    <\/div><\/div>\n    \n\n  <\/div>\n<\/div>\n\n<\/div><\/div>","protected":false},"excerpt":{"rendered":"<p>Th\u00f4ng tin li\u00ean h\u1ec7 Ban Li\u00ean l\u1ea1c C\u1ef1u sinh vi\u00ean ng\u00e0nh Ch\u0103n nu\u00f4i &#8211; Th\u00fa y Qu\u00fd th\u1ea7y c\u00f4, c\u1ef1u sinh vi\u00ean v\u00e0 c\u00e1c \u0111\u01a1n v\u1ecb c\u00f3 th\u1ec3 li\u00ean h\u1ec7&#8230;<\/p>\n","protected":false},"author":1,"featured_media":0,"parent":0,"menu_order":0,"comment_status":"closed","ping_status":"closed","template":"","meta":{"_kad_blocks_custom_css":"","_kad_blocks_head_custom_js":"","_kad_blocks_body_custom_js":"","_kad_blocks_footer_custom_js":"","_EventAllDay":false,"_EventTimezone":"","_EventStartDate":"","_EventEndDate":"","_EventStartDateUTC":"","_EventEndDateUTC":"","_EventShowMap":false,"_EventShowMapLink":false,"_EventURL":"","_EventCost":"","_EventCostDescription":"","_EventCurrencySymbol":"","_EventCurrencyCode":"","_EventCurrencyPosition":"","_EventDateTimeSeparator":"","_EventTimeRangeSeparator":"","_EventOrganizerID":[],"_EventVenueID":[],"_OrganizerEmail":"","_OrganizerPhone":"","_OrganizerWebsite":"","_VenueAddress":"","_VenueCity":"","_VenueCountry":"","_VenueProvince":"","_VenueState":"","_VenueZip":"","_VenuePhone":"","_VenueURL":"","_VenueStateProvince":"","_VenueLat":"","_VenueLng":"","_VenueShowMap":false,"_VenueShowMapLink":false,"_kadence_starter_templates_imported_post":true,"_kad_post_transparent":"","_kad_post_title":"hide","_kad_post_layout":"fullwidth","_kad_post_sidebar_id":"","_kad_post_content_style":"unboxed","_kad_post_vertical_padding":"hide","_kad_post_feature":"hide","_kad_post_feature_position":"","_kad_post_header":false,"_kad_post_footer":false,"_kad_post_classname":"","footnotes":""},"class_list":["post-57","page","type-page","status-publish","hentry"],"taxonomy_info":[],"featured_image_src_large":false,"author_info":{"display_name":"L\u00ea Thanh SANG","author_link":"https:\/\/alumni.ctu.edu.vn\/channuoithuy\/author\/ltsang\/"},"comment_info":0,"_links":{"self":[{"href":"https:\/\/alumni.ctu.edu.vn\/channuoithuy\/wp-json\/wp\/v2\/pages\/57","targetHints":{"allow":["GET"]}}],"collection":[{"href":"https:\/\/alumni.ctu.edu.vn\/channuoithuy\/wp-json\/wp\/v2\/pages"}],"about":[{"href":"https:\/\/alumni.ctu.edu.vn\/channuoithuy\/wp-json\/wp\/v2\/types\/page"}],"author":[{"embeddable":true,"href":"https:\/\/alumni.ctu.edu.vn\/channuoithuy\/wp-json\/wp\/v2\/users\/1"}],"replies":[{"embeddable":true,"href":"https:\/\/alumni.ctu.edu.vn\/channuoithuy\/wp-json\/wp\/v2\/comments?post=57"}],"version-history":[{"count":5,"href":"https:\/\/alumni.ctu.edu.vn\/channuoithuy\/wp-json\/wp\/v2\/pages\/57\/revisions"}],"predecessor-version":[{"id":1737,"href":"https:\/\/alumni.ctu.edu.vn\/channuoithuy\/wp-json\/wp\/v2\/pages\/57\/revisions\/1737"}],"wp:attachment":[{"href":"https:\/\/alumni.ctu.edu.vn\/channuoithuy\/wp-json\/wp\/v2\/media?parent=57"}],"curies":[{"name":"wp","href":"https:\/\/api.w.org\/{rel}","templated":true}]}}