{"id":56,"date":"2022-07-16T09:00:43","date_gmt":"2022-07-16T09:00:43","guid":{"rendered":"https:\/\/kadence.pixel-show.com\/pet-grooming\/?page_id=56"},"modified":"2026-03-23T19:18:29","modified_gmt":"2026-03-23T12:18:29","slug":"lichsu","status":"publish","type":"page","link":"https:\/\/alumni.ctu.edu.vn\/channuoithuy\/lichsu\/","title":{"rendered":"L\u1ecbch s\u1eed"},"content":{"rendered":"<section style=\"width:100%;max-width:1140px;margin:0 auto;padding:24px 12px 56px 12px;font-family:Arial,Helvetica,sans-serif;color:#1f2d3d;line-height:1.75\">\n  <!-- HERO --><\/p>\n<div style=\"background:linear-gradient(135deg,#f4f8fc 0%,#ffffff 100%);border:1px solid #d9e5f2;border-radius:22px;padding:28px;margin-bottom:28px\">\n<div style=\"flex-wrap:wrap;gap:24px;align-items:flex-start\">\n<div style=\"flex:1 1 520px;min-width:280px\">\n<div style=\"background:#eaf4ff;color:#005baa;font-size:13px;font-weight:700;letter-spacing:.4px;text-transform:uppercase;padding:8px 12px;border-radius:999px;margin-bottom:14px\">\n          L\u1ecbch S\u1eed H\u00ecnh Th\u00e0nh\n        <\/div>\n<h1 style=\"font-size:34px;line-height:1.25;margin:0 0 14px 0;color:#003d73\">\n          L\u1ecbch s\u1eed ng\u00e0nh Ch\u0103n nu\u00f4i &#8211; Th\u00fa y Tr\u01b0\u1eddng \u0110\u1ea1i h\u1ecdc C\u1ea7n Th\u01a1<br \/>\n        <\/h1>\n<p style=\"margin:0 0 14px 0;font-size:16px;color:#5b6b7b;line-height:1.9\">\n          T\u1eeb nh\u1eefng n\u0103m \u0111\u1ea7u c\u1ee7a Vi\u1ec7n \u0110\u1ea1i H\u1ecdc C\u1ea7n Th\u01a1 \u0111\u1ebfn qu\u00e1 tr\u00ecnh h\u00ecnh th\u00e0nh, ph\u00e1t tri\u1ec3n v\u00e0 kh\u1eb3ng \u0111\u1ecbnh v\u1ecb th\u1ebf c\u1ee7a ng\u00e0nh Ch\u0103n nu\u00f4i &#8211; Th\u00fa y, \u0111\u00e2y l\u00e0 h\u00e0nh tr\u00ecnh g\u1eafn v\u1edbi nhi\u1ec1u th\u1ebf h\u1ec7 gi\u1ea3ng vi\u00ean, sinh vi\u00ean v\u00e0 nh\u1eefng chuy\u1ec3n m\u00ecnh l\u1edbn c\u1ee7a nh\u00e0 tr\u01b0\u1eddng.\n        <\/p>\n<div style=\"flex-wrap:wrap;gap:12px\">\n<div style=\"background:#ffffff;border:1px solid #d9e5f2;border-radius:12px;padding:12px 14px;min-width:130px\">\n<div style=\"font-size:22px;font-weight:700;color:#005baa\">1966<\/div>\n<div style=\"font-size:13px;color:#5b6b7b\">Kh\u1edfi \u0111\u1ea7u \u0110\u1ea1i H\u1ecdc C\u1ea7n Th\u01a1<\/div>\n<\/p><\/div>\n<div style=\"background:#ffffff;border:1px solid #d9e5f2;border-radius:12px;padding:12px 14px;min-width:130px\">\n<div style=\"font-size:22px;font-weight:700;color:#005baa\">1974<\/div>\n<div style=\"font-size:13px;color:#5b6b7b\">L\u1edbp S\u00fac khoa \u0111\u1ea7u ti\u00ean<\/div>\n<\/p><\/div>\n<div style=\"background:#ffffff;border:1px solid #d9e5f2;border-radius:12px;padding:12px 14px;min-width:130px\">\n<div style=\"font-size:22px;font-weight:700;color:#005baa\">1978<\/div>\n<div style=\"font-size:13px;color:#5b6b7b\">Th\u00e0nh l\u1eadp Khoa Ch\u0103n Nu\u00f4i &#8211; Th\u00fa Y<\/div>\n<\/p><\/div>\n<div style=\"background:#ffffff;border:1px solid #d9e5f2;border-radius:12px;padding:12px 14px;min-width:130px\">\n<div style=\"font-size:22px;font-weight:700;color:#005baa\">1993+<\/div>\n<div style=\"font-size:13px;color:#5b6b7b\">\u0110\u00e0o t\u1ea1o sau \u0111\u1ea1i h\u1ecdc<\/div>\n<\/p><\/div>\n<\/p><\/div>\n<\/p><\/div>\n<div style=\"flex:0 1 330px;min-width:260px\">\n<div style=\"background:#ffffff;border:1px solid #d9e5f2;border-radius:18px;padding:12px\">\n          <img decoding=\"async\" src=\"https:\/\/alumni.ctu.edu.vn\/channuoithuy\/wp-content\/uploads\/sites\/2\/2026\/03\/viendhct.jpeg\" alt=\"Vi\u1ec7n \u0110\u1ea1i H\u1ecdc C\u1ea7n Th\u01a1\" style=\"width:100%;height:auto;max-height:420px;object-fit:contain;border-radius:12px;background:#ffffff\"><\/p>\n<div style=\"padding:12px 6px 4px 6px;font-size:13px;color:#5b6b7b;text-align:center\">\n            H\u00ecnh \u1ea3nh g\u1ee3i nh\u1edb v\u1ec1 giai \u0111o\u1ea1n \u0111\u1ea7u c\u1ee7a Vi\u1ec7n \u0110\u1ea1i H\u1ecdc C\u1ea7n Th\u01a1\n          <\/div>\n<\/p><\/div>\n<\/p><\/div>\n<\/p><\/div>\n<\/p><\/div>\n<p>  <!-- HIGHLIGHT --><\/p>\n<div style=\"background:#fffdf4;border:1px solid #f1e2a5;border-left:6px solid #d8b100;border-radius:16px;padding:18px 20px;margin-bottom:28px\">\n<div style=\"font-size:15px;line-height:1.9;color:#5f5a35\">\n      \u0110i\u1ec3m n\u1ed5i b\u1eadt c\u1ee7a ng\u00e0nh l\u00e0 s\u1ef1 g\u1eafn k\u1ebft r\u1ea5t ch\u1eb7t gi\u1eefa \u0111\u00e0o t\u1ea1o, th\u1ef1c h\u00e0nh, nghi\u00ean c\u1ee9u v\u00e0 s\u1ea3n xu\u1ea5t th\u1ef1c t\u1ebf, h\u00ecnh th\u00e0nh n\u00ean m\u1ed9t phong c\u00e1ch \u0111\u00e0o t\u1ea1o ri\u00eang th\u01b0\u1eddng \u0111\u01b0\u1ee3c nh\u1eafc \u0111\u1ebfn nh\u01b0 \u201cphong c\u00e1ch C\u1ea7n Th\u01a1\u201d.\n    <\/div>\n<\/p><\/div>\n<p>  <!-- TIMELINE \/ ACCORDION --><\/p>\n<div style=\"gap:16px\">\n<details open style=\"background:#ffffff;border:1px solid #d9e5f2;border-radius:18px;padding:0;overflow:hidden\">\n<summary style=\"cursor:pointer;padding:18px 20px;background:#f8fbff;font-size:20px;font-weight:700;color:#003d73\">\n        Giai \u0111o\u1ea1n kh\u1edfi \u0111\u1ea7u: 1966 &#8211; 1973<br \/>\n      <\/summary>\n<div style=\"padding:20px\">\n<p style=\"margin:0 0 14px 0;color:#44566c\">\n          \u0110\u1ea1i H\u1ecdc C\u1ea7n Th\u01a1 \u0111\u01b0\u1ee3c th\u00e0nh l\u1eadp n\u0103m 1966 v\u1edbi t\u00ean g\u1ecdi Vi\u1ec7n \u0110\u1ea1i H\u1ecdc C\u1ea7n Th\u01a1, tr\u1ef1c thu\u1ed9c B\u1ed9 Gi\u00e1o d\u1ee5c v\u00e0 Thanh ni\u00ean. \u0110\u1ebfn n\u0103m 1968, Tr\u01b0\u1eddng Cao \u0110\u1eb3ng N\u00f4ng nghi\u1ec7p C\u1ea7n Th\u01a1 \u0111\u01b0\u1ee3c th\u00e0nh l\u1eadp. C\u01a1 s\u1edf ban \u0111\u1ea7u \u0111\u1eb7t t\u1ea1i khu I, \u0111\u01b0\u1eddng M\u1ea1c T\u1eed Sanh, nay l\u00e0 \u0111\u01b0\u1eddng 30 Th\u00e1ng 4.\n        <\/p>\n<p style=\"margin:0 0 14px 0;color:#44566c\">\n          Gi\u1ea3ng vi\u00ean th\u1eddi k\u1ef3 \u0111\u1ea7u ph\u1ea7n l\u1edbn t\u1ed1t nghi\u1ec7p k\u1ef9 s\u01b0 S\u00fac khoa t\u1eeb Tr\u01b0\u1eddng Cao \u0111\u1eb3ng N\u00f4ng-L\u00e2m-S\u00fac S\u00e0i G\u00f2n. Gi\u00e1m \u0111\u1ed1c \u0111\u1ea7u ti\u00ean c\u1ee7a tr\u01b0\u1eddng l\u00e0 k\u1ef9 s\u01b0 Phan L\u01b0\u01a1ng B\u00e1u, sau \u0111\u00f3 l\u00e0 ti\u1ebfn s\u0129 Nguy\u1ec5n Vi\u1ebft Tr\u01b0\u01a1ng.\n        <\/p>\n<p style=\"margin:0;color:#44566c\">\n          Ban \u0111\u1ea7u nh\u00e0 tr\u01b0\u1eddng ch\u1ec9 \u0111\u00e0o t\u1ea1o ng\u00e0nh n\u00f4ng nghi\u1ec7p b\u1eadc \u0111\u1ea1i h\u1ecdc v\u00e0 c\u1ea5p b\u1eb1ng k\u1ef9 s\u01b0 Canh n\u00f4ng, v\u1edbi ph\u01b0\u01a1ng ph\u00e1p \u0111\u00e0o t\u1ea1o r\u1ea5t n\u1eb7ng th\u1ef1c h\u00e0nh, \u0111\u1eb7t n\u1ec1n m\u00f3ng cho phong c\u00e1ch h\u1ecdc t\u1eadp g\u1eafn v\u1edbi th\u1ef1c t\u1ebf sau n\u00e0y.\n        <\/p>\n<\/p><\/div>\n<\/details>\n<details style=\"background:#ffffff;border:1px solid #d9e5f2;border-radius:18px;padding:0;overflow:hidden\">\n<summary style=\"cursor:pointer;padding:18px 20px;background:#f8fbff;font-size:20px;font-weight:700;color:#003d73\">\n        H\u00ecnh th\u00e0nh S\u00fac khoa: 1974 &#8211; 1975<br \/>\n      <\/summary>\n<div style=\"padding:20px\">\n<p style=\"margin:0 0 14px 0;color:#44566c\">\n          N\u0103m 1974, Tr\u01b0\u1eddng Cao \u0111\u1eb3ng \u0111\u01b0\u1ee3c n\u00e2ng c\u1ea5p th\u00e0nh Khoa N\u00f4ng nghi\u1ec7p v\u00e0 l\u1edbp S\u00fac khoa \u0111\u1ea7u ti\u00ean g\u1ed3m 17 sinh vi\u00ean \u0111\u01b0\u1ee3c tuy\u1ec3n ch\u1ecdn t\u1eeb sinh vi\u00ean n\u0103m th\u1ee9 nh\u1ea5t N\u00f4ng khoa. \u0110\u00e2y l\u00e0 c\u1ed9t m\u1ed1c quan tr\u1ecdng \u0111\u00e1nh d\u1ea5u s\u1ef1 h\u00ecnh th\u00e0nh ch\u00ednh th\u1ee9c c\u1ee7a h\u01b0\u1edbng \u0111\u00e0o t\u1ea1o v\u1ec1 \u0111\u1ed9ng v\u1eadt t\u1ea1i C\u1ea7n Th\u01a1.\n        <\/p>\n<p style=\"margin:0 0 14px 0;color:#44566c\">\n          Khi \u1ea5y, S\u00fac khoa gi\u1ea3ng d\u1ea1y c\u00e1c m\u00f4n khoa h\u1ecdc li\u00ean quan \u0111\u1ebfn \u0111\u1ed9ng v\u1eadt c\u1ea1n l\u1eabn th\u1ee7y sinh. C\u01a1 s\u1edf ban \u0111\u1ea7u c\u00f3 ph\u00f2ng th\u00ed nghi\u1ec7m dinh d\u01b0\u1ee1ng gia s\u00fac, ph\u00f2ng th\u00ed nghi\u1ec7m ng\u01b0 nghi\u1ec7p, b\u1ecbnh x\u00e1 th\u00fa y v\u00e0 nhi\u1ec1u tr\u1ea1i ch\u0103n nu\u00f4i quy m\u00f4 nh\u1ecf ph\u1ee5c v\u1ee5 th\u1ef1c t\u1eadp, th\u00ed nghi\u1ec7m.\n        <\/p>\n<p style=\"margin:0;color:#44566c\">\n          \u0110\u1ed9i ng\u0169 gi\u1ea3ng hu\u1ea5n th\u1eddi k\u1ef3 \u0111\u1ea7u g\u1ed3m nhi\u1ec1u th\u1ea7y c\u00f4 \u0111\u01b0\u1ee3c \u0111\u00e0o t\u1ea1o trong n\u01b0\u1edbc v\u00e0 qu\u1ed1c t\u1ebf, \u0111\u1eb7t n\u1ec1n t\u1ea3ng h\u1ecdc thu\u1eadt cho ng\u00e0nh trong giai \u0111o\u1ea1n r\u1ea5t s\u1edbm.\n        <\/p>\n<\/p><\/div>\n<\/details>\n<details style=\"background:#ffffff;border:1px solid #d9e5f2;border-radius:18px;padding:0;overflow:hidden\">\n<summary style=\"cursor:pointer;padding:18px 20px;background:#f8fbff;font-size:20px;font-weight:700;color:#003d73\">\n        Sau ng\u00e0y gi\u1ea3i ph\u00f3ng: chuy\u1ec3n m\u00ecnh m\u1ea1nh m\u1ebd<br \/>\n      <\/summary>\n<div style=\"padding:20px\">\n<p style=\"margin:0 0 14px 0;color:#44566c\">\n          Sau n\u0103m 1975, \u0110\u1ea1i H\u1ecdc C\u1ea7n Th\u01a1 \u0111\u01b0\u1ee3c t\u1ed5 ch\u1ee9c l\u1ea1i d\u01b0\u1edbi s\u1ef1 qu\u1ea3n l\u00fd c\u1ee7a ch\u00ednh quy\u1ec1n c\u00e1ch m\u1ea1ng. Ng\u00e0nh S\u00fac khoa \u0111\u01b0\u1ee3c \u0111\u1ed5i t\u00ean th\u00e0nh Ch\u0103n nu\u00f4i &#8211; Th\u00fa y, ti\u1ebfp nh\u1eadn th\u00eam \u0111\u1ed9i ng\u0169 c\u00e1n b\u1ed9 t\u1eeb nhi\u1ec1u n\u01a1i v\u00e0 ph\u00e1t tri\u1ec3n nhanh v\u1ec1 quy m\u00f4 \u0111\u00e0o t\u1ea1o.\n        <\/p>\n<p style=\"margin:0 0 14px 0;color:#44566c\">\n          L\u1edbp S\u00fac khoa K6 \u0111\u01b0\u1ee3c \u0111\u1ed5i th\u00e0nh Ch\u0103n nu\u00f4i chuy\u1ec3n ti\u1ebfp 1, ti\u1ebfp \u0111\u00f3 l\u00e0 Ch\u0103n nu\u00f4i chuy\u1ec3n ti\u1ebfp 2 v\u1edbi quy m\u00f4 l\u1edbn h\u01a1n nhi\u1ec1u. T\u1eeb m\u1ed9t h\u01b0\u1edbng \u0111\u00e0o t\u1ea1o c\u00f2n \u00edt ng\u01b0\u1eddi, ng\u00e0nh d\u1ea7n tr\u1edf th\u00e0nh m\u1ed9t ng\u00e0nh h\u1ecdc thu h\u00fat \u0111\u00f4ng sinh vi\u00ean.\n        <\/p>\n<p style=\"margin:0;color:#44566c\">\n          \u0110\u00e2y l\u00e0 giai \u0111o\u1ea1n h\u00ecnh th\u00e0nh tinh th\u1ea7n \u0111\u00e0o t\u1ea1o g\u1eafn v\u1edbi nhu c\u1ea7u ph\u00e1t tri\u1ec3n n\u00f4ng nghi\u1ec7p, th\u00fa y v\u00e0 s\u1ea3n xu\u1ea5t v\u00f9ng \u0110\u1ed3ng b\u1eb1ng s\u00f4ng C\u1eedu Long.\n        <\/p>\n<\/p><\/div>\n<\/details>\n<details style=\"background:#ffffff;border:1px solid #d9e5f2;border-radius:18px;padding:0;overflow:hidden\">\n<summary style=\"cursor:pointer;padding:18px 20px;background:#f8fbff;font-size:20px;font-weight:700;color:#003d73\">\n        Th\u00e0nh l\u1eadp khoa v\u00e0 m\u1edf r\u1ed9ng c\u01a1 s\u1edf: 1978 &#8211; 1992<br \/>\n      <\/summary>\n<div style=\"padding:20px\">\n<p style=\"margin:0 0 14px 0;color:#44566c\">\n          N\u0103m 1978, Khoa Ch\u0103n Nu\u00f4i &#8211; Th\u00fa Y ch\u00ednh th\u1ee9c \u0111\u01b0\u1ee3c th\u00e0nh l\u1eadp. C\u01a1 s\u1edf \u0111\u01b0\u1ee3c chuy\u1ec3n t\u1eeb khu I sang khu II, h\u00ecnh th\u00e0nh h\u1ec7 th\u1ed1ng b\u1ed9 m\u00f4n, tr\u1ea1i th\u1ef1c nghi\u1ec7m, x\u01b0\u1edfng th\u1ee9c \u0103n, \u0111\u1ed3ng c\u1ecf, tr\u1ea1i heo, tr\u1ea1i g\u00e0, tr\u1ea1i tr\u00e2u-b\u00f2, tr\u1ea1i v\u1ecbt, tr\u1ea1i ng\u1ed7ng v\u00e0 ph\u00f2ng \u1ea5p tr\u1ee9ng.\n        <\/p>\n<p style=\"margin:0 0 14px 0;color:#44566c\">\n          Nhi\u1ec1u k\u1ef9 s\u01b0 t\u1ed1t nghi\u1ec7p c\u00e1c l\u1edbp \u0111\u1ea7u ti\u00ean \u0111\u01b0\u1ee3c gi\u1eef l\u1ea1i l\u00e0m c\u00e1n b\u1ed9, t\u1eebng b\u01b0\u1edbc h\u00ecnh th\u00e0nh l\u1ef1c l\u01b0\u1ee3ng gi\u1ea3ng vi\u00ean n\u00f2ng c\u1ed1t c\u1ee7a ng\u00e0nh. \u0110\u00e2y l\u00e0 giai \u0111o\u1ea1n ph\u00e1t tri\u1ec3n nhanh v\u1ec1 s\u1ed1 l\u01b0\u1ee3ng c\u00e1n b\u1ed9, sinh vi\u00ean v\u00e0 c\u01a1 s\u1edf v\u1eadt ch\u1ea5t.\n        <\/p>\n<p style=\"margin:0;color:#44566c\">\n          Phong c\u00e1ch nghi\u00ean c\u1ee9u v\u00e0 gi\u1ea3ng d\u1ea1y g\u1eafn v\u1edbi s\u1ea3n xu\u1ea5t th\u1ef1c t\u1ebf, c\u00f9ng \u0103n-c\u00f9ng \u1edf-c\u00f9ng l\u00e0m v\u1edbi ng\u01b0\u1eddi d\u00e2n v\u00e0 c\u01a1 s\u1edf, \u0111\u00e3 t\u1ea1o n\u00ean b\u1ea3n s\u1eafc r\u1ea5t ri\u00eang c\u1ee7a ng\u00e0nh.\n        <\/p>\n<\/p><\/div>\n<\/details>\n<details style=\"background:#ffffff;border:1px solid #d9e5f2;border-radius:18px;padding:0;overflow:hidden\">\n<summary style=\"cursor:pointer;padding:18px 20px;background:#f8fbff;font-size:20px;font-weight:700;color:#003d73\">\n        B\u01b0\u1edbc ngo\u1eb7t \u0111\u00e0o t\u1ea1o sau \u0111\u1ea1i h\u1ecdc: 1993 &#8211; 2013<br \/>\n      <\/summary>\n<div style=\"padding:20px\">\n<p style=\"margin:0 0 14px 0;color:#44566c\">\n          N\u0103m 1993, \u0110\u1ea1i h\u1ecdc C\u1ea7n Th\u01a1 \u0111\u01b0\u1ee3c ph\u00e9p \u0111\u00e0o t\u1ea1o th\u1ea1c s\u0129 n\u00f4ng nghi\u1ec7p \u0111\u1ea7u ti\u00ean \u1edf Vi\u1ec7t Nam v\u1edbi c\u00e1c chuy\u00ean ng\u00e0nh Tr\u1ed3ng tr\u1ecdt, Ch\u0103n nu\u00f4i v\u00e0 Th\u00fa y. Ba n\u0103m sau, ng\u00e0nh ti\u1ebfp t\u1ee5c \u0111\u01b0\u1ee3c giao \u0111\u00e0o t\u1ea1o ti\u1ebfn s\u0129 chuy\u00ean ng\u00e0nh Ch\u0103n nu\u00f4i.\n        <\/p>\n<p style=\"margin:0 0 14px 0;color:#44566c\">\n          N\u0103m 1996, Khoa N\u00f4ng nghi\u1ec7p \u0111\u01b0\u1ee3c t\u00e1i l\u1eadp v\u00e0 Khoa Ch\u0103n nu\u00f4i &#8211; Th\u00fa y \u0111\u01b0\u1ee3c t\u1ed5 ch\u1ee9c l\u1ea1i th\u00e0nh c\u00e1c b\u1ed9 m\u00f4n ph\u00f9 h\u1ee3p h\u01a1n v\u1edbi \u0111\u1ecbnh h\u01b0\u1edbng \u0111\u00e0o t\u1ea1o, nghi\u00ean c\u1ee9u. Nh\u1eefng n\u0103m sau \u0111\u00f3, ng\u00e0nh ti\u1ebfp t\u1ee5c m\u1edf th\u00eam c\u00e1c chuy\u00ean ng\u00e0nh m\u1edbi nh\u01b0 C\u00f4ng ngh\u1ec7 gi\u1ed1ng v\u1eadt nu\u00f4i v\u00e0 D\u01b0\u1ee3c th\u00fa y.\n        <\/p>\n<p style=\"margin:0;color:#44566c\">\n          \u0110\u00e2y l\u00e0 giai \u0111o\u1ea1n ng\u00e0nh kh\u1eb3ng \u0111\u1ecbnh v\u1ecb th\u1ebf h\u1ecdc thu\u1eadt kh\u00f4ng ch\u1ec9 \u1edf b\u1eadc \u0111\u1ea1i h\u1ecdc m\u00e0 c\u00f2n \u1edf \u0111\u00e0o t\u1ea1o sau \u0111\u1ea1i h\u1ecdc v\u00e0 nghi\u00ean c\u1ee9u chuy\u00ean s\u00e2u.\n        <\/p>\n<\/p><\/div>\n<\/details>\n<details style=\"background:#ffffff;border:1px solid #d9e5f2;border-radius:18px;padding:0;overflow:hidden\">\n<summary style=\"cursor:pointer;padding:18px 20px;background:#f8fbff;font-size:20px;font-weight:700;color:#003d73\">\n        Hi\u1ec7n nay: \u0111\u00e0o t\u1ea1o \u0111a chuy\u00ean ng\u00e0nh, d\u1ea5u \u1ea5n h\u01a1n 40 n\u0103m<br \/>\n      <\/summary>\n<div style=\"padding:20px\">\n<p style=\"margin:0 0 14px 0;color:#44566c\">\n          Hi\u1ec7n nay ng\u00e0nh Ch\u0103n nu\u00f4i &#8211; Th\u00fa y \u0111\u01b0\u1ee3c ph\u00e9p \u0111\u00e0o t\u1ea1o 4 chuy\u00ean ng\u00e0nh g\u1ed3m Ch\u0103n nu\u00f4i &#8211; Th\u00fa y, C\u00f4ng ngh\u1ec7 gi\u1ed1ng v\u1eadt nu\u00f4i, Th\u00fa y v\u00e0 D\u01b0\u1ee3c th\u00fa y. B\u00ean c\u1ea1nh h\u1ec7 ch\u00ednh quy, ng\u00e0nh c\u00f2n \u0111\u00e0o t\u1ea1o h\u1ec7 t\u1ea1i ch\u1ee9c, cao h\u1ecdc v\u00e0 nghi\u00ean c\u1ee9u sinh cho nhi\u1ec1u \u0111\u1ecba ph\u01b0\u01a1ng trong khu v\u1ef1c.\n        <\/p>\n<p style=\"margin:0 0 14px 0;color:#44566c\">\n          T\u1eeb c\u00e1c kh\u00f3a cao h\u1ecdc \u0111\u1ea7u ti\u00ean n\u0103m 1993 \u0111\u1ebfn nghi\u00ean c\u1ee9u sinh ti\u1ebfn s\u0129 t\u1eeb n\u0103m 1998 v\u00e0 2013, ng\u00e0nh \u0111\u00e3 ph\u00e1t tri\u1ec3n th\u00e0nh m\u1ed9t trung t\u00e2m \u0111\u00e0o t\u1ea1o v\u00e0 nghi\u00ean c\u1ee9u c\u00f3 uy t\u00edn c\u1ee7a v\u00f9ng v\u00e0 c\u1ea3 n\u01b0\u1edbc.\n        <\/p>\n<p style=\"margin:0;color:#44566c\">\n          H\u01a1n 40 n\u0103m qua, ng\u00e0nh Ch\u0103n nu\u00f4i &#8211; Th\u00fa y \u0110\u1ea1i h\u1ecdc C\u1ea7n Th\u01a1 \u0111\u00e3 \u0111\u00e0o t\u1ea1o h\u01a1n 5.000 k\u1ef9 s\u01b0, g\u1ea7n 500 th\u1ea1c s\u0129 v\u00e0 nhi\u1ec1u ti\u1ebfn s\u0129, \u0111\u00f3ng g\u00f3p \u0111\u00e1ng k\u1ec3 cho l\u0129nh v\u1ef1c n\u00f4ng nghi\u1ec7p v\u00e0 th\u00fa y Vi\u1ec7t Nam.\n        <\/p>\n<\/p><\/div>\n<\/details><\/div>\n<p>  <!-- FOOTER IMAGE --><\/p>\n<div style=\"margin-top:28px;background:#ffffff;border:1px solid #d9e5f2;border-radius:18px;padding:20px;text-align:center\">\n    <img decoding=\"async\" src=\"https:\/\/alumni.ctu.edu.vn\/channuoithuy\/wp-content\/uploads\/sites\/2\/2026\/03\/Asset-20CTU-Main-Logo-300x300.png\" alt=\"\u0110\u1ea1i h\u1ecdc C\u1ea7n Th\u01a1\" style=\"width:120px;height:120px;object-fit:contain;margin:0 auto 12px auto\"><\/p>\n<div style=\"font-size:14px;color:#5b6b7b;line-height:1.8;max-width:760px;margin:0 auto\">\n      L\u1ecbch s\u1eed ng\u00e0nh l\u00e0 n\u1ec1n t\u1ea3ng \u0111\u1ec3 k\u1ebft n\u1ed1i c\u00e1c th\u1ebf h\u1ec7 c\u1ef1u sinh vi\u00ean, g\u00ecn gi\u1eef truy\u1ec1n th\u1ed1ng v\u00e0 ti\u1ebfp t\u1ee5c \u0111\u1ed3ng h\u00e0nh c\u00f9ng s\u1ef1 ph\u00e1t tri\u1ec3n c\u1ee7a ng\u00e0nh Ch\u0103n nu\u00f4i &#8211; Th\u00fa y Tr\u01b0\u1eddng \u0110\u1ea1i h\u1ecdc C\u1ea7n Th\u01a1.\n    <\/div>\n<\/p><\/div>\n<\/section>\n","protected":false},"excerpt":{"rendered":"<p>L\u1ecbch S\u1eed H\u00ecnh Th\u00e0nh L\u1ecbch s\u1eed ng\u00e0nh Ch\u0103n nu\u00f4i &#8211; Th\u00fa y Tr\u01b0\u1eddng \u0110\u1ea1i h\u1ecdc C\u1ea7n Th\u01a1 T\u1eeb nh\u1eefng n\u0103m \u0111\u1ea7u c\u1ee7a Vi\u1ec7n \u0110\u1ea1i H\u1ecdc C\u1ea7n Th\u01a1 \u0111\u1ebfn qu\u00e1 tr\u00ecnh&#8230;<\/p>\n","protected":false},"author":1,"featured_media":0,"parent":0,"menu_order":0,"comment_status":"closed","ping_status":"closed","template":"","meta":{"_kad_blocks_custom_css":"","_kad_blocks_head_custom_js":"","_kad_blocks_body_custom_js":"","_kad_blocks_footer_custom_js":"","_EventAllDay":false,"_EventTimezone":"","_EventStartDate":"","_EventEndDate":"","_EventStartDateUTC":"","_EventEndDateUTC":"","_EventShowMap":false,"_EventShowMapLink":false,"_EventURL":"","_EventCost":"","_EventCostDescription":"","_EventCurrencySymbol":"","_EventCurrencyCode":"","_EventCurrencyPosition":"","_EventDateTimeSeparator":"","_EventTimeRangeSeparator":"","_EventOrganizerID":[],"_EventVenueID":[],"_OrganizerEmail":"","_OrganizerPhone":"","_OrganizerWebsite":"","_VenueAddress":"","_VenueCity":"","_VenueCountry":"","_VenueProvince":"","_VenueState":"","_VenueZip":"","_VenuePhone":"","_VenueURL":"","_VenueStateProvince":"","_VenueLat":"","_VenueLng":"","_VenueShowMap":false,"_VenueShowMapLink":false,"_kadence_starter_templates_imported_post":true,"_kad_post_transparent":"disable","_kad_post_title":"hide","_kad_post_layout":"normal","_kad_post_sidebar_id":"","_kad_post_content_style":"unboxed","_kad_post_vertical_padding":"hide","_kad_post_feature":"hide","_kad_post_feature_position":"","_kad_post_header":false,"_kad_post_footer":false,"_kad_post_classname":"","footnotes":""},"class_list":["post-56","page","type-page","status-publish","hentry"],"taxonomy_info":[],"featured_image_src_large":false,"author_info":{"display_name":"L\u00ea Thanh SANG","author_link":"https:\/\/alumni.ctu.edu.vn\/channuoithuy\/author\/ltsang\/"},"comment_info":0,"_links":{"self":[{"href":"https:\/\/alumni.ctu.edu.vn\/channuoithuy\/wp-json\/wp\/v2\/pages\/56","targetHints":{"allow":["GET"]}}],"collection":[{"href":"https:\/\/alumni.ctu.edu.vn\/channuoithuy\/wp-json\/wp\/v2\/pages"}],"about":[{"href":"https:\/\/alumni.ctu.edu.vn\/channuoithuy\/wp-json\/wp\/v2\/types\/page"}],"author":[{"embeddable":true,"href":"https:\/\/alumni.ctu.edu.vn\/channuoithuy\/wp-json\/wp\/v2\/users\/1"}],"replies":[{"embeddable":true,"href":"https:\/\/alumni.ctu.edu.vn\/channuoithuy\/wp-json\/wp\/v2\/comments?post=56"}],"version-history":[{"count":8,"href":"https:\/\/alumni.ctu.edu.vn\/channuoithuy\/wp-json\/wp\/v2\/pages\/56\/revisions"}],"predecessor-version":[{"id":1630,"href":"https:\/\/alumni.ctu.edu.vn\/channuoithuy\/wp-json\/wp\/v2\/pages\/56\/revisions\/1630"}],"wp:attachment":[{"href":"https:\/\/alumni.ctu.edu.vn\/channuoithuy\/wp-json\/wp\/v2\/media?parent=56"}],"curies":[{"name":"wp","href":"https:\/\/api.w.org\/{rel}","templated":true}]}}