{"id":1638,"date":"2026-03-23T19:49:44","date_gmt":"2026-03-23T12:49:44","guid":{"rendered":"https:\/\/alumni.ctu.edu.vn\/channuoithuy\/?page_id=1638"},"modified":"2026-03-29T09:21:37","modified_gmt":"2026-03-29T02:21:37","slug":"hoat-dong","status":"publish","type":"page","link":"https:\/\/alumni.ctu.edu.vn\/channuoithuy\/hoat-dong\/","title":{"rendered":"Ho\u1ea1t \u0110\u1ed9ng"},"content":{"rendered":"<section style=\"width: 100%;max-width: 1140px;margin: 0 auto;padding: 24px 12px 56px 12px;font-family: Arial,Helvetica,sans-serif;color: #1f2d3d;line-height: 1.7\">\n<div style=\"background: linear-gradient(135deg,#f4f8fc 0%,#ffffff 100%);border: 1px solid #d9e5f2;border-radius: 24px;padding: 30px 24px;margin-bottom: 28px;text-align: center\">\n<div style=\"background: #eaf4ff;color: #005baa;font-size: 13px;font-weight: bold;text-transform: uppercase;letter-spacing: .4px;padding: 8px 12px;border-radius: 999px;margin-bottom: 14px\">Ho\u1ea1t \u0110\u1ed9ng Qua C\u00e1c N\u0103m<\/div>\n<h1 style=\"margin: 0 0 12px 0;font-size: 34px;line-height: 1.25;color: #003d73\">Ho\u1ea1t \u0111\u1ed9ng C\u1ef1u Sinh vi\u00ean Ng\u00e0nh Ch\u0103n nu\u00f4i &#8211; Th\u00fa y<\/h1>\n<p style=\"margin: 0 auto;max-width: 820px;font-size: 16px;color: #5b6b7b;line-height: 1.9\">T\u1ed5ng h\u1ee3p c\u00e1c ch\u01b0\u01a1ng tr\u00ecnh h\u1ecdp m\u1eb7t, k\u1ebft n\u1ed1i c\u1ef1u sinh vi\u00ean, h\u1ed9i th\u1ea3o, giao l\u01b0u v\u00e0 ho\u1ea1t \u0111\u1ed9ng \u0111\u1ed3ng h\u00e0nh c\u00f9ng ng\u00e0nh qua t\u1eebng n\u0103m. M\u1ed7i n\u0103m \u0111\u01b0\u1ee3c chia theo 4 qu\u00fd \u0111\u1ec3 d\u1ec5 theo d\u00f5i v\u00e0 c\u1eadp nh\u1eadt.<\/p>\n<\/div>\n<div style=\"gap: 16px\">\n<details style=\"border: 1px solid #d9e5f2;border-radius: 22px;overflow: hidden;background: #fff\" open=\"\">\n<summary style=\"cursor: pointer;padding: 22px 26px;background: linear-gradient(135deg,#1765ad 0%,#0d4d86 100%);color: #fff;font-size: 24px;font-weight: bold;text-align: center\">2026<\/summary>\n<div style=\"padding: 20px;background: linear-gradient(180deg,#ffffff 0%,#f8fbff 100%)\">\n<table style=\"width: 100%;border-collapse: separate;border-spacing: 16px\">\n<tbody>\n<tr>\n<td style=\"width: 50%;vertical-align: top;padding: 0\">\n<div style=\"background: #fff;border: 1px solid #d9e5f2;border-radius: 18px;overflow: hidden\">\n<div style=\"padding: 14px 16px;background: #f1f7fd;border-bottom: 1px solid #d9e5f2\">\n<div style=\"font-size: 18px;font-weight: bold;color: #003d73\">Qu\u00fd I<\/div>\n<\/div>\n<div style=\"padding: 16px\">\n<table style=\"width: 100%;border: 1px solid #e4edf6;border-radius: 18px;border-collapse: separate;border-spacing: 0;background: #ffffff\">\n<tbody>\n<tr>\n<td style=\"width: 280px;padding: 18px;vertical-align: top\"><img decoding=\"async\" style=\"width: 260px;height: 170px;object-fit: cover;border-radius: 14px;background: #eef4fb\" src=\"https:\/\/alumni.ctu.edu.vn\/channuoithuy\/wp-content\/uploads\/sites\/2\/2026\/03\/Gap-mat-dau-nam-2026.jpg\" alt=\"H\u1ecdp m\u1eb7t m\u1edf r\u1ed9ng \u0111\u1ea7u n\u0103m 2026 c\u1ee7a Ban Li\u00ean l\u1ea1c C\u1ef1u sinh vi\u00ean ng\u00e0nh Ch\u0103n nu\u00f4i \u2013 Th\u00fa y\" \/><\/td>\n<td style=\"padding: 18px 18px 18px 0;vertical-align: middle\"><a style=\"text-decoration: none;color: #003d73;font-size: 16px;font-weight: bold;line-height: 1.4;margin: 0\" href=\"https:\/\/alumni.ctu.edu.vn\/channuoithuy\/wp-content\/uploads\/sites\/2\/2026\/03\/Form-bai-bao-Hop-mat-dau-nam-2026.pdf\" target=\"_blank\" rel=\"noopener\">H\u1ecdp m\u1eb7t m\u1edf r\u1ed9ng \u0111\u1ea7u n\u0103m 2026 c\u1ee7a Ban Li\u00ean l\u1ea1c C\u1ef1u sinh vi\u00ean ng\u00e0nh Ch\u0103n nu\u00f4i \u2013 Th\u00fa y<br \/>\n<\/a><\/td>\n<\/tr>\n<tr>\n<td style=\"width: 280px;padding: 18px;vertical-align: top\"><img decoding=\"async\" style=\"width: 260px;height: 170px;object-fit: cover;border-radius: 14px;background: #eef4fb\" src=\"https:\/\/alumni.ctu.edu.vn\/channuoithuy\/wp-content\/uploads\/sites\/2\/2026\/03\/Ngay-hoi-thu-cung-2.jpg\" alt=\"Ng\u00e0y h\u1ed9i Th\u00fa c\u01b0ng t\u1ec9nh \u0110\u1ed3ng Th\u00e1p l\u1ea7n 2\" \/><\/td>\n<td style=\"padding: 18px 18px 18px 0;vertical-align: middle\"><a style=\"text-decoration: none;color: #003d73;font-size: 16px;font-weight: bold;line-height: 1.4;margin: 0\" href=\"https:\/\/alumni.ctu.edu.vn\/channuoithuy\/wp-content\/uploads\/sites\/2\/2026\/03\/Form-bai-bao-Ngay-hoi-thu-cung.pdf\" target=\"_blank\" rel=\"noopener\">Ng\u00e0y h\u1ed9i Th\u00fa c\u01b0ng t\u1ec9nh \u0110\u1ed3ng Th\u00e1p l\u1ea7n 2<br \/>\n<\/a><\/td>\n<\/tr>\n<\/tbody>\n<\/table>\n<\/div>\n<\/div>\n<\/td>\n<td style=\"width: 50%;vertical-align: top;padding: 0\">\n<div style=\"background: #fff;border: 1px solid #d9e5f2;border-radius: 18px;overflow: hidden\">\n<div style=\"padding: 14px 16px;background: #f1f7fd;border-bottom: 1px solid #d9e5f2\">\n<div style=\"font-size: 18px;font-weight: bold;color: #003d73\">Qu\u00fd II<\/div>\n<\/div>\n<div style=\"padding: 16px\">\n<div style=\"padding: 16px;border: 1px dashed #c7d8ea;border-radius: 14px;background: #fbfdff;color: #6b7b8b;font-size: 14px\">Ch\u01b0a c\u1eadp nh\u1eadt ho\u1ea1t \u0111\u1ed9ng qu\u00fd II n\u0103m 2026.<\/div>\n<\/div>\n<\/div>\n<\/td>\n<\/tr>\n<tr>\n<td style=\"width: 50%;vertical-align: top;padding: 0\">\n<div style=\"background: #fff;border: 1px solid #d9e5f2;border-radius: 18px;overflow: hidden\">\n<div style=\"padding: 14px 16px;background: #f1f7fd;border-bottom: 1px solid #d9e5f2\">\n<div style=\"font-size: 18px;font-weight: bold;color: #003d73\">Qu\u00fd III<\/div>\n<\/div>\n<div style=\"padding: 16px\">\n<div style=\"padding: 16px;border: 1px dashed #c7d8ea;border-radius: 14px;background: #fbfdff;color: #6b7b8b;font-size: 14px\">Ch\u01b0a c\u1eadp nh\u1eadt ho\u1ea1t \u0111\u1ed9ng qu\u00fd III n\u0103m 2026.<\/div>\n<\/div>\n<\/div>\n<\/td>\n<td style=\"width: 50%;vertical-align: top;padding: 0\">\n<div style=\"background: #fff;border: 1px solid #d9e5f2;border-radius: 18px;overflow: hidden\">\n<div style=\"padding: 14px 16px;background: #f1f7fd;border-bottom: 1px solid #d9e5f2\">\n<div style=\"font-size: 18px;font-weight: bold;color: #003d73\">Qu\u00fd IV<\/div>\n<\/div>\n<div style=\"padding: 16px\">\n<div style=\"padding: 16px;border: 1px dashed #c7d8ea;border-radius: 14px;background: #fbfdff;color: #6b7b8b;font-size: 14px\">Ch\u01b0a c\u1eadp nh\u1eadt ho\u1ea1t \u0111\u1ed9ng qu\u00fd IV n\u0103m 2026.<\/div>\n<\/div>\n<\/div>\n<\/td>\n<\/tr>\n<\/tbody>\n<\/table>\n<\/div>\n<\/details>\n<details style=\"border: 1px solid #d9e5f2;border-radius: 22px;overflow: hidden;background: #fff\">\n<summary style=\"cursor: pointer;padding: 22px 26px;background: linear-gradient(135deg,#1765ad 0%,#0d4d86 100%);color: #fff;font-size: 24px;font-weight: bold;text-align: center\">2025<\/summary>\n<div style=\"padding: 20px;background: linear-gradient(180deg,#ffffff 0%,#f8fbff 100%)\">\n<table style=\"width: 100%;border-collapse: separate;border-spacing: 16px\">\n<tbody>\n<tr>\n<td style=\"width: 50%;vertical-align: top;padding: 0\">\n<div style=\"background: #fff;border: 1px solid #d9e5f2;border-radius: 18px;overflow: hidden\">\n<div style=\"padding: 14px 16px;background: #f1f7fd;border-bottom: 1px solid #d9e5f2\">\n<div style=\"font-size: 18px;font-weight: bold;color: #003d73\">Qu\u00fd I<\/div>\n<\/div>\n<div style=\"padding: 16px\">\n<div style=\"padding: 16px;border: 1px dashed #c7d8ea;border-radius: 14px;background: #fbfdff;color: #6b7b8b;font-size: 14px\">Ch\u01b0a c\u1eadp nh\u1eadt ho\u1ea1t \u0111\u1ed9ng qu\u00fd I n\u0103m 2025.<\/div>\n<\/div>\n<\/div>\n<\/td>\n<td style=\"width: 50%;vertical-align: top;padding: 0\">\n<div style=\"background: #fff;border: 1px solid #d9e5f2;border-radius: 18px;overflow: hidden\">\n<div style=\"padding: 14px 16px;background: #f1f7fd;border-bottom: 1px solid #d9e5f2\">\n<div style=\"font-size: 18px;font-weight: bold;color: #003d73\">Qu\u00fd II<\/div>\n<\/div>\n<div style=\"padding: 16px\">\n<div style=\"padding: 16px;border: 1px dashed #c7d8ea;border-radius: 14px;background: #fbfdff;color: #6b7b8b;font-size: 14px\">Ch\u01b0a c\u1eadp nh\u1eadt ho\u1ea1t \u0111\u1ed9ng qu\u00fd II n\u0103m 2025.<\/div>\n<\/div>\n<\/div>\n<\/td>\n<\/tr>\n<tr>\n<td style=\"width: 50%;vertical-align: top;padding: 0\">\n<div style=\"background: #fff;border: 1px solid #d9e5f2;border-radius: 18px;overflow: hidden\">\n<div style=\"padding: 14px 16px;background: #f1f7fd;border-bottom: 1px solid #d9e5f2\">\n<div style=\"font-size: 18px;font-weight: bold;color: #003d73\">Qu\u00fd III<\/div>\n<\/div>\n<div style=\"padding: 16px\">\n<div style=\"padding: 16px;border: 1px dashed #c7d8ea;border-radius: 14px;background: #fbfdff;color: #6b7b8b;font-size: 14px\">Ch\u01b0a c\u1eadp nh\u1eadt ho\u1ea1t \u0111\u1ed9ng qu\u00fd III n\u0103m 2025.<\/div>\n<\/div>\n<\/div>\n<\/td>\n<td style=\"width: 50%;vertical-align: top;padding: 0\">\n<div style=\"background: #fff;border: 1px solid #d9e5f2;border-radius: 18px;overflow: hidden\">\n<div style=\"padding: 14px 16px;background: #f1f7fd;border-bottom: 1px solid #d9e5f2\">\n<div style=\"font-size: 18px;font-weight: bold;color: #003d73\">Qu\u00fd IV<\/div>\n<\/div>\n<div style=\"padding: 16px\">\n<div style=\"padding: 16px;border: 1px dashed #c7d8ea;border-radius: 14px;background: #fbfdff;color: #6b7b8b;font-size: 14px\">Ch\u01b0a c\u1eadp nh\u1eadt ho\u1ea1t \u0111\u1ed9ng qu\u00fd IV n\u0103m 2025.<\/div>\n<\/div>\n<\/div>\n<\/td>\n<\/tr>\n<\/tbody>\n<\/table>\n<\/div>\n<\/details>\n<details style=\"border: 1px solid #d9e5f2;border-radius: 22px;overflow: hidden;background: #fff\">\n<summary style=\"cursor: pointer;padding: 22px 26px;background: linear-gradient(135deg,#1765ad 0%,#0d4d86 100%);color: #fff;font-size: 24px;font-weight: bold;text-align: center\">2024<\/summary>\n<div style=\"padding: 20px;background: linear-gradient(180deg,#ffffff 0%,#f8fbff 100%)\">\n<table style=\"width: 100%;border-collapse: separate;border-spacing: 16px\">\n<tbody>\n<tr>\n<td style=\"width: 50%;vertical-align: top;padding: 0\">\n<div style=\"background: #fff;border: 1px solid #d9e5f2;border-radius: 18px;overflow: hidden\">\n<div style=\"padding: 14px 16px;background: #f1f7fd;border-bottom: 1px solid #d9e5f2\">\n<div style=\"font-size: 18px;font-weight: bold;color: #003d73\">Qu\u00fd I<\/div>\n<\/div>\n<div style=\"padding: 16px\">\n<div style=\"padding: 16px;border: 1px dashed #c7d8ea;border-radius: 14px;background: #fbfdff;color: #6b7b8b;font-size: 14px\">Ch\u01b0a c\u1eadp nh\u1eadt ho\u1ea1t \u0111\u1ed9ng qu\u00fd I n\u0103m 2024.<\/div>\n<\/div>\n<\/div>\n<\/td>\n<td style=\"width: 50%;vertical-align: top;padding: 0\">\n<div style=\"background: #fff;border: 1px solid #d9e5f2;border-radius: 18px;overflow: hidden\">\n<div style=\"padding: 14px 16px;background: #f1f7fd;border-bottom: 1px solid #d9e5f2\">\n<div style=\"font-size: 18px;font-weight: bold;color: #003d73\">Qu\u00fd II<\/div>\n<\/div>\n<div style=\"padding: 16px\">\n<div style=\"padding: 16px;border: 1px dashed #c7d8ea;border-radius: 14px;background: #fbfdff;color: #6b7b8b;font-size: 14px\">Ch\u01b0a c\u1eadp nh\u1eadt ho\u1ea1t \u0111\u1ed9ng qu\u00fd II n\u0103m 2024.<\/div>\n<\/div>\n<\/div>\n<\/td>\n<\/tr>\n<tr>\n<td style=\"width: 50%;vertical-align: top;padding: 0\">\n<div style=\"background: #fff;border: 1px solid #d9e5f2;border-radius: 18px;overflow: hidden\">\n<div style=\"padding: 14px 16px;background: #f1f7fd;border-bottom: 1px solid #d9e5f2\">\n<div style=\"font-size: 18px;font-weight: bold;color: #003d73\">Qu\u00fd III<\/div>\n<\/div>\n<div style=\"padding: 16px\">\n<div style=\"padding: 16px;border: 1px dashed #c7d8ea;border-radius: 14px;background: #fbfdff;color: #6b7b8b;font-size: 14px\">Ch\u01b0a c\u1eadp nh\u1eadt ho\u1ea1t \u0111\u1ed9ng qu\u00fd III n\u0103m 2024.<\/div>\n<\/div>\n<\/div>\n<\/td>\n<td style=\"width: 50%;vertical-align: top;padding: 0\">\n<div style=\"background: #fff;border: 1px solid #d9e5f2;border-radius: 18px;overflow: hidden\">\n<div style=\"padding: 14px 16px;background: #f1f7fd;border-bottom: 1px solid #d9e5f2\">\n<div style=\"font-size: 18px;font-weight: bold;color: #003d73\">Qu\u00fd IV<\/div>\n<\/div>\n<div style=\"padding: 16px\">\n<div style=\"padding: 16px;border: 1px dashed #c7d8ea;border-radius: 14px;background: #fbfdff;color: #6b7b8b;font-size: 14px\">Ch\u01b0a c\u1eadp nh\u1eadt ho\u1ea1t \u0111\u1ed9ng qu\u00fd IV n\u0103m 2024.<\/div>\n<\/div>\n<\/div>\n<\/td>\n<\/tr>\n<\/tbody>\n<\/table>\n<\/div>\n<\/details>\n<details style=\"border: 1px solid #d9e5f2;border-radius: 22px;overflow: hidden;background: #fff\">\n<summary style=\"cursor: pointer;padding: 22px 26px;background: linear-gradient(135deg,#1765ad 0%,#0d4d86 100%);color: #fff;font-size: 24px;font-weight: bold;text-align: center\">2023<\/summary>\n<div style=\"padding: 20px;background: linear-gradient(180deg,#ffffff 0%,#f8fbff 100%)\">\n<table style=\"width: 100%;border-collapse: separate;border-spacing: 16px\">\n<tbody>\n<tr>\n<td style=\"width: 50%;vertical-align: top;padding: 0\">\n<div style=\"background: #fff;border: 1px solid #d9e5f2;border-radius: 18px;overflow: hidden\">\n<div style=\"padding: 14px 16px;background: #f1f7fd;border-bottom: 1px solid #d9e5f2\">\n<div style=\"font-size: 18px;font-weight: bold;color: #003d73\">Qu\u00fd I<\/div>\n<\/div>\n<div style=\"padding: 16px\">\n<div style=\"padding: 16px;border: 1px dashed #c7d8ea;border-radius: 14px;background: #fbfdff;color: #6b7b8b;font-size: 14px\">Ch\u01b0a c\u1eadp nh\u1eadt ho\u1ea1t \u0111\u1ed9ng qu\u00fd I n\u0103m 2023.<\/div>\n<\/div>\n<\/div>\n<\/td>\n<td style=\"width: 50%;vertical-align: top;padding: 0\">\n<div style=\"background: #fff;border: 1px solid #d9e5f2;border-radius: 18px;overflow: hidden\">\n<div style=\"padding: 14px 16px;background: #f1f7fd;border-bottom: 1px solid #d9e5f2\">\n<div style=\"font-size: 18px;font-weight: bold;color: #003d73\">Qu\u00fd II<\/div>\n<\/div>\n<div style=\"padding: 16px\">\n<div style=\"padding: 16px;border: 1px dashed #c7d8ea;border-radius: 14px;background: #fbfdff;color: #6b7b8b;font-size: 14px\">Ch\u01b0a c\u1eadp nh\u1eadt ho\u1ea1t \u0111\u1ed9ng qu\u00fd II n\u0103m 2023.<\/div>\n<\/div>\n<\/div>\n<\/td>\n<\/tr>\n<tr>\n<td style=\"width: 50%;vertical-align: top;padding: 0\">\n<div style=\"background: #fff;border: 1px solid #d9e5f2;border-radius: 18px;overflow: hidden\">\n<div style=\"padding: 14px 16px;background: #f1f7fd;border-bottom: 1px solid #d9e5f2\">\n<div style=\"font-size: 18px;font-weight: bold;color: #003d73\">Qu\u00fd III<\/div>\n<\/div>\n<div style=\"padding: 16px\">\n<div style=\"padding: 16px;border: 1px dashed #c7d8ea;border-radius: 14px;background: #fbfdff;color: #6b7b8b;font-size: 14px\">Ch\u01b0a c\u1eadp nh\u1eadt ho\u1ea1t \u0111\u1ed9ng qu\u00fd III n\u0103m 2023.<\/div>\n<\/div>\n<\/div>\n<\/td>\n<td style=\"width: 50%;vertical-align: top;padding: 0\">\n<div style=\"background: #fff;border: 1px solid #d9e5f2;border-radius: 18px;overflow: hidden\">\n<div style=\"padding: 14px 16px;background: #f1f7fd;border-bottom: 1px solid #d9e5f2\">\n<div style=\"font-size: 18px;font-weight: bold;color: #003d73\">Qu\u00fd IV<\/div>\n<\/div>\n<div style=\"padding: 16px\">\n<div style=\"padding: 16px;border: 1px dashed #c7d8ea;border-radius: 14px;background: #fbfdff;color: #6b7b8b;font-size: 14px\">Ch\u01b0a c\u1eadp nh\u1eadt ho\u1ea1t \u0111\u1ed9ng qu\u00fd IV n\u0103m 2023.<\/div>\n<\/div>\n<\/div>\n<\/td>\n<\/tr>\n<\/tbody>\n<\/table>\n<\/div>\n<\/details>\n<details style=\"border: 1px solid #d9e5f2;border-radius: 22px;overflow: hidden;background: #fff\">\n<summary style=\"cursor: pointer;padding: 22px 26px;background: linear-gradient(135deg,#1765ad 0%,#0d4d86 100%);color: #fff;font-size: 24px;font-weight: bold;text-align: center\">2022<\/summary>\n<div style=\"padding: 20px;background: linear-gradient(180deg,#ffffff 0%,#f8fbff 100%)\">\n<table style=\"width: 100%;border-collapse: separate;border-spacing: 16px\">\n<tbody>\n<tr>\n<td style=\"width: 50%;vertical-align: top;padding: 0\">\n<div style=\"background: #fff;border: 1px solid #d9e5f2;border-radius: 18px;overflow: hidden\">\n<div style=\"padding: 14px 16px;background: #f1f7fd;border-bottom: 1px solid #d9e5f2\">\n<div style=\"font-size: 18px;font-weight: bold;color: #003d73\">Qu\u00fd I<\/div>\n<\/div>\n<div style=\"padding: 16px\">\n<div style=\"padding: 16px;border: 1px dashed #c7d8ea;border-radius: 14px;background: #fbfdff;color: #6b7b8b;font-size: 14px\">Ch\u01b0a c\u1eadp nh\u1eadt ho\u1ea1t \u0111\u1ed9ng qu\u00fd I n\u0103m 2022.<\/div>\n<\/div>\n<\/div>\n<\/td>\n<td style=\"width: 50%;vertical-align: top;padding: 0\">\n<div style=\"background: #fff;border: 1px solid #d9e5f2;border-radius: 18px;overflow: hidden\">\n<div style=\"padding: 14px 16px;background: #f1f7fd;border-bottom: 1px solid #d9e5f2\">\n<div style=\"font-size: 18px;font-weight: bold;color: #003d73\">Qu\u00fd II<\/div>\n<\/div>\n<div style=\"padding: 16px\">\n<div style=\"padding: 16px;border: 1px dashed #c7d8ea;border-radius: 14px;background: #fbfdff;color: #6b7b8b;font-size: 14px\">Ch\u01b0a c\u1eadp nh\u1eadt ho\u1ea1t \u0111\u1ed9ng qu\u00fd II n\u0103m 2022.<\/div>\n<\/div>\n<\/div>\n<\/td>\n<\/tr>\n<tr>\n<td style=\"width: 50%;vertical-align: top;padding: 0\">\n<div style=\"background: #fff;border: 1px solid #d9e5f2;border-radius: 18px;overflow: hidden\">\n<div style=\"padding: 14px 16px;background: #f1f7fd;border-bottom: 1px solid #d9e5f2\">\n<div style=\"font-size: 18px;font-weight: bold;color: #003d73\">Qu\u00fd III<\/div>\n<\/div>\n<div style=\"padding: 16px\">\n<div style=\"padding: 16px;border: 1px dashed #c7d8ea;border-radius: 14px;background: #fbfdff;color: #6b7b8b;font-size: 14px\">Ch\u01b0a c\u1eadp nh\u1eadt ho\u1ea1t \u0111\u1ed9ng qu\u00fd III n\u0103m 2022.<\/div>\n<\/div>\n<\/div>\n<\/td>\n<td style=\"width: 50%;vertical-align: top;padding: 0\">\n<div style=\"background: #fff;border: 1px solid #d9e5f2;border-radius: 18px;overflow: hidden\">\n<div style=\"padding: 14px 16px;background: #f1f7fd;border-bottom: 1px solid #d9e5f2\">\n<div style=\"font-size: 18px;font-weight: bold;color: #003d73\">Qu\u00fd IV<\/div>\n<\/div>\n<div style=\"padding: 16px\">\n<div style=\"padding: 16px;border: 1px dashed #c7d8ea;border-radius: 14px;background: #fbfdff;color: #6b7b8b;font-size: 14px\">Ch\u01b0a c\u1eadp nh\u1eadt ho\u1ea1t \u0111\u1ed9ng qu\u00fd IV n\u0103m 2022.<\/div>\n<\/div>\n<\/div>\n<\/td>\n<\/tr>\n<\/tbody>\n<\/table>\n<\/div>\n<\/details>\n<\/div>\n<\/section>\n","protected":false},"excerpt":{"rendered":"<p>Ho\u1ea1t \u0110\u1ed9ng Qua C\u00e1c N\u0103m Ho\u1ea1t \u0111\u1ed9ng C\u1ef1u Sinh vi\u00ean Ng\u00e0nh Ch\u0103n nu\u00f4i &#8211; Th\u00fa y T\u1ed5ng h\u1ee3p c\u00e1c ch\u01b0\u01a1ng tr\u00ecnh h\u1ecdp m\u1eb7t, k\u1ebft n\u1ed1i c\u1ef1u sinh vi\u00ean, h\u1ed9i th\u1ea3o,&#8230;<\/p>\n","protected":false},"author":3,"featured_media":0,"parent":0,"menu_order":0,"comment_status":"closed","ping_status":"closed","template":"","meta":{"_kad_blocks_custom_css":"","_kad_blocks_head_custom_js":"","_kad_blocks_body_custom_js":"","_kad_blocks_footer_custom_js":"","_EventAllDay":false,"_EventTimezone":"","_EventStartDate":"","_EventEndDate":"","_EventStartDateUTC":"","_EventEndDateUTC":"","_EventShowMap":false,"_EventShowMapLink":false,"_EventURL":"","_EventCost":"","_EventCostDescription":"","_EventCurrencySymbol":"","_EventCurrencyCode":"","_EventCurrencyPosition":"","_EventDateTimeSeparator":"","_EventTimeRangeSeparator":"","_EventOrganizerID":[],"_EventVenueID":[],"_OrganizerEmail":"","_OrganizerPhone":"","_OrganizerWebsite":"","_VenueAddress":"","_VenueCity":"","_VenueCountry":"","_VenueProvince":"","_VenueState":"","_VenueZip":"","_VenuePhone":"","_VenueURL":"","_VenueStateProvince":"","_VenueLat":"","_VenueLng":"","_VenueShowMap":false,"_VenueShowMapLink":false,"_kadence_starter_templates_imported_post":false,"_kad_post_transparent":"disable","_kad_post_title":"hide","_kad_post_layout":"fullwidth","_kad_post_sidebar_id":"","_kad_post_content_style":"","_kad_post_vertical_padding":"","_kad_post_feature":"","_kad_post_feature_position":"","_kad_post_header":false,"_kad_post_footer":false,"_kad_post_classname":"","footnotes":""},"class_list":["post-1638","page","type-page","status-publish","hentry"],"taxonomy_info":[],"featured_image_src_large":false,"author_info":{"display_name":"htkhoi","author_link":"https:\/\/alumni.ctu.edu.vn\/channuoithuy\/author\/htkhoi\/"},"comment_info":0,"_links":{"self":[{"href":"https:\/\/alumni.ctu.edu.vn\/channuoithuy\/wp-json\/wp\/v2\/pages\/1638","targetHints":{"allow":["GET"]}}],"collection":[{"href":"https:\/\/alumni.ctu.edu.vn\/channuoithuy\/wp-json\/wp\/v2\/pages"}],"about":[{"href":"https:\/\/alumni.ctu.edu.vn\/channuoithuy\/wp-json\/wp\/v2\/types\/page"}],"author":[{"embeddable":true,"href":"https:\/\/alumni.ctu.edu.vn\/channuoithuy\/wp-json\/wp\/v2\/users\/3"}],"replies":[{"embeddable":true,"href":"https:\/\/alumni.ctu.edu.vn\/channuoithuy\/wp-json\/wp\/v2\/comments?post=1638"}],"version-history":[{"count":16,"href":"https:\/\/alumni.ctu.edu.vn\/channuoithuy\/wp-json\/wp\/v2\/pages\/1638\/revisions"}],"predecessor-version":[{"id":1782,"href":"https:\/\/alumni.ctu.edu.vn\/channuoithuy\/wp-json\/wp\/v2\/pages\/1638\/revisions\/1782"}],"wp:attachment":[{"href":"https:\/\/alumni.ctu.edu.vn\/channuoithuy\/wp-json\/wp\/v2\/media?parent=1638"}],"curies":[{"name":"wp","href":"https:\/\/api.w.org\/{rel}","templated":true}]}}