{"id":1369,"date":"2026-03-06T11:26:05","date_gmt":"2026-03-06T04:26:05","guid":{"rendered":"https:\/\/alumni.ctu.edu.vn\/channuoithuy\/?page_id=1369"},"modified":"2026-03-26T19:56:16","modified_gmt":"2026-03-26T12:56:16","slug":"tin-tuc-thong-bao","status":"publish","type":"page","link":"https:\/\/alumni.ctu.edu.vn\/channuoithuy\/tin-tuc-thong-bao\/","title":{"rendered":"Tin t\u1ee9c &amp; Th\u00f4ng b\u00e1o"},"content":{"rendered":"<section style=\"width:100%;max-width:1140px;margin:0 auto;padding:24px 12px 56px;font-family:Arial,Helvetica,sans-serif;color:#1f2d3d;line-height:1.7\">\n<div style=\"background:linear-gradient(135deg,#f4f8fc 0%,#ffffff 100%);border:1px solid #d9e5f2;border-radius:24px;padding:30px 24px;margin-bottom:28px\">\n<div style=\"background:#eaf4ff;color:#005baa;font-size:13px;font-weight:700;text-transform:uppercase;letter-spacing:.4px;padding:8px 12px;border-radius:999px;margin-bottom:14px\">\n      Tin T\u1ee9c &#8211; S\u1ef1 Ki\u1ec7n\n    <\/div>\n<h1 style=\"margin:0 0 10px 0;font-size:34px;line-height:1.25;color:#003d73\">\n      Tin t\u1ee9c C\u1ef1u Sinh vi\u00ean Ng\u00e0nh Ch\u0103n nu\u00f4i &#8211; Th\u00fa y<br \/>\n    <\/h1>\n<p style=\"margin:0;max-width:820px;font-size:16px;color:#5b6b7b;line-height:1.9\">\n      C\u1eadp nh\u1eadt c\u00e1c ho\u1ea1t \u0111\u1ed9ng n\u1ed5i b\u1eadt, th\u00f4ng tin ng\u00e0nh ngh\u1ec1 v\u00e0 c\u00e1c th\u00f4ng b\u00e1o m\u1edbi c\u1ee7a Ban Li\u00ean l\u1ea1c.\n    <\/p>\n<\/p><\/div>\n<p>  <!-- BAI NOI BAT --><\/p>\n<div style=\"background:#ffffff;border:1px solid #d9e5f2;border-radius:22px;overflow:hidden;margin-bottom:24px\">\n    <img decoding=\"async\" src=\"https:\/\/alumni.ctu.edu.vn\/channuoithuy\/wp-content\/uploads\/sites\/2\/2026\/03\/ao-xv.jpg\" alt=\"B\u00e0i n\u1ed5i b\u1eadt\" style=\"width:100%;height:380px;object-fit:cover;background:#eef4fb\"><\/p>\n<div style=\"padding:22px\">\n<div style=\"font-size:13px;font-weight:700;color:#005baa;text-transform:uppercase;margin-bottom:8px\">B\u00e0i n\u1ed5i b\u1eadt<\/div>\n<p>      <a href=\"https:\/\/alumni.ctu.edu.vn\/channuoithuy\/wp-content\/uploads\/sites\/2\/2026\/03\/Ao-luu-niem-XV.pdf\" target=\"_blank\" rel=\"noopener\" style=\"text-decoration:none;color:#003d73;font-size:32px;font-weight:700;line-height:1.3;margin-bottom:10px\"><br \/>\n        \u00c1o L\u01b0u Ni\u1ec7m \u2013 D\u1ea5u \u1ea4n K\u1ebft N\u1ed1i 52 N\u0103m Ng\u00e0nh Ch\u0103n Nu\u00f4i \u2013 Th\u00fa Y \u0110\u1ea1i h\u1ecdc C\u1ea7n Th\u01a1<br \/>\n     <\/a><\/p>\n<p style=\"margin:0;font-size:16px;color:#5b6b7b;line-height:1.9\">\n        M\u1eabu \u00e1o l\u01b0u ni\u1ec7m polo xanh hi\u1ec7n \u0111\u1ea1i, bi\u1ec3u t\u01b0\u1ee3ng g\u1eafn k\u1ebft c\u00e1c th\u1ebf h\u1ec7 c\u1ef1u sinh vi\u00ean Ch\u0103n nu\u00f4i \u2013 Th\u00fa y \u0110\u1ea1i h\u1ecdc C\u1ea7n Th\u01a1.\n      <\/p>\n<\/p><\/div>\n<\/p><\/div>\n<p>  <!-- DANH SACH BAI --><\/p>\n<div style=\"gap:16px\">\n<div style=\"background:#ffffff;border:1px solid #d9e5f2;border-radius:20px;padding:18px\">\n<table style=\"width:100%;border-collapse:separate;border-spacing:0\">\n<tr>\n<td style=\"width:220px;vertical-align:top;padding-right:18px\">\n            <img decoding=\"async\" src=\"https:\/\/alumni.ctu.edu.vn\/channuoithuy\/wp-content\/uploads\/sites\/2\/2026\/03\/hinh-thu-ngo.jpg\" alt=\"B\u00e0i vi\u1ebft 1\" style=\"width:220px;height:140px;object-fit:cover;border-radius:14px;background:#eef4fb\">\n          <\/td>\n<td style=\"vertical-align:top\">\n            <a href=\"https:\/\/alumni.ctu.edu.vn\/channuoithuy\/wp-content\/uploads\/sites\/2\/2026\/03\/Form-bai-bao-Thu-ngo-1.pdf\" target=\"_blank\" rel=\"noopener\" style=\"text-decoration:none;color:#003d73;font-size:26px;font-weight:700;line-height:1.35;margin-bottom:8px\"><br \/>\n              Th\u01b0 Ng\u1ecf: Ch\u01b0\u01a1ng Tr\u00ecnh H\u1ecdp M\u1eb7t Truy\u1ec1n Th\u1ed1ng V\u00e0 \u0110\u1ea1i H\u1ed9i Ban LL C\u1ef1u SV Ng\u00e0nh Ch\u0103n Nu\u00f4i \u2013 Th\u00fa Y L\u1ea7n Th\u1ee9 XV (2026-2028)<br \/>\n            <\/a><\/p>\n<p style=\"margin:0;font-size:15px;color:#5b6b7b;line-height:1.85\">\n              Th\u01b0 ng\u1ecf th\u00f4ng b\u00e1o ch\u01b0\u01a1ng tr\u00ecnh h\u1ecdp m\u1eb7t truy\u1ec1n th\u1ed1ng v\u00e0 \u0110\u1ea1i h\u1ed9i C\u1ef1u sinh vi\u00ean ng\u00e0nh Ch\u0103n nu\u00f4i \u2013 Th\u00fa y l\u1ea7n th\u1ee9 XV, k\u00eau g\u1ecdi s\u1ef1 tham gia v\u00e0 t\u00e0i tr\u1ee3 t\u1eeb c\u1ef1u sinh vi\u00ean v\u00e0 doanh nghi\u1ec7p.\n            <\/p>\n<\/td>\n<\/tr>\n<\/table><\/div>\n<div style=\"background:#ffffff;border:1px solid #d9e5f2;border-radius:20px;padding:18px\">\n<table style=\"width:100%;border-collapse:separate;border-spacing:0\">\n<tr>\n<td style=\"width:220px;vertical-align:top;padding-right:18px\">\n            <img decoding=\"async\" src=\"LINK-ANH-2.jpg\" alt=\"B\u00e0i vi\u1ebft 2\" style=\"width:220px;height:140px;object-fit:cover;border-radius:14px;background:#eef4fb\">\n          <\/td>\n<td style=\"vertical-align:top\">\n            <a href=\"LINK-BAI-2\" target=\"_blank\" rel=\"noopener\" style=\"text-decoration:none;color:#003d73;font-size:26px;font-weight:700;line-height:1.35;margin-bottom:8px\"><br \/>\n              Ti\u00eau \u0111\u1ec1 b\u00e0i vi\u1ebft s\u1ed1 2<br \/>\n            <\/a><\/p>\n<p style=\"margin:0;font-size:15px;color:#5b6b7b;line-height:1.85\">\n              M\u00f4 t\u1ea3 ng\u1eafn cho b\u00e0i vi\u1ebft s\u1ed1 2. Gi\u1eef n\u1ed9i dung ng\u1eafn g\u1ecdn \u0111\u1ec3 trang g\u1ecdn v\u00e0 \u0111\u1ed3ng \u0111\u1ec1u.\n            <\/p>\n<\/td>\n<\/tr>\n<\/table><\/div>\n<div style=\"background:#ffffff;border:1px solid #d9e5f2;border-radius:20px;padding:18px\">\n<table style=\"width:100%;border-collapse:separate;border-spacing:0\">\n<tr>\n<td style=\"width:220px;vertical-align:top;padding-right:18px\">\n            <img decoding=\"async\" src=\"LINK-ANH-3.jpg\" alt=\"B\u00e0i vi\u1ebft 3\" style=\"width:220px;height:140px;object-fit:cover;border-radius:14px;background:#eef4fb\">\n          <\/td>\n<td style=\"vertical-align:top\">\n            <a href=\"LINK-BAI-3\" target=\"_blank\" rel=\"noopener\" style=\"text-decoration:none;color:#003d73;font-size:26px;font-weight:700;line-height:1.35;margin-bottom:8px\"><br \/>\n              Ti\u00eau \u0111\u1ec1 b\u00e0i vi\u1ebft s\u1ed1 3<br \/>\n            <\/a><\/p>\n<p style=\"margin:0;font-size:15px;color:#5b6b7b;line-height:1.85\">\n              M\u00f4 t\u1ea3 ng\u1eafn cho b\u00e0i vi\u1ebft s\u1ed1 3. B\u1ea1n ch\u1ec9 c\u1ea7n nh\u00e2n \u0111\u00f4i kh\u1ed1i n\u00e0y \u0111\u1ec3 th\u00eam b\u00e0i m\u1edbi.\n            <\/p>\n<\/td>\n<\/tr>\n<\/table><\/div>\n<\/p><\/div>\n<\/section>\n","protected":false},"excerpt":{"rendered":"<p>Tin T\u1ee9c &#8211; S\u1ef1 Ki\u1ec7n Tin t\u1ee9c C\u1ef1u Sinh vi\u00ean Ng\u00e0nh Ch\u0103n nu\u00f4i &#8211; Th\u00fa y C\u1eadp nh\u1eadt c\u00e1c ho\u1ea1t \u0111\u1ed9ng n\u1ed5i b\u1eadt, th\u00f4ng tin ng\u00e0nh ngh\u1ec1 v\u00e0 c\u00e1c th\u00f4ng&#8230;<\/p>\n","protected":false},"author":1,"featured_media":0,"parent":0,"menu_order":0,"comment_status":"closed","ping_status":"closed","template":"","meta":{"_kad_blocks_custom_css":"","_kad_blocks_head_custom_js":"","_kad_blocks_body_custom_js":"","_kad_blocks_footer_custom_js":"","_EventAllDay":false,"_EventTimezone":"","_EventStartDate":"","_EventEndDate":"","_EventStartDateUTC":"","_EventEndDateUTC":"","_EventShowMap":false,"_EventShowMapLink":false,"_EventURL":"","_EventCost":"","_EventCostDescription":"","_EventCurrencySymbol":"","_EventCurrencyCode":"","_EventCurrencyPosition":"","_EventDateTimeSeparator":"","_EventTimeRangeSeparator":"","_EventOrganizerID":[],"_EventVenueID":[],"_OrganizerEmail":"","_OrganizerPhone":"","_OrganizerWebsite":"","_VenueAddress":"","_VenueCity":"","_VenueCountry":"","_VenueProvince":"","_VenueState":"","_VenueZip":"","_VenuePhone":"","_VenueURL":"","_VenueStateProvince":"","_VenueLat":"","_VenueLng":"","_VenueShowMap":false,"_VenueShowMapLink":false,"_kadence_starter_templates_imported_post":false,"_kad_post_transparent":"disable","_kad_post_title":"hide","_kad_post_layout":"normal","_kad_post_sidebar_id":"","_kad_post_content_style":"unboxed","_kad_post_vertical_padding":"hide","_kad_post_feature":"","_kad_post_feature_position":"","_kad_post_header":false,"_kad_post_footer":false,"_kad_post_classname":"","footnotes":""},"class_list":["post-1369","page","type-page","status-publish","hentry"],"taxonomy_info":[],"featured_image_src_large":false,"author_info":{"display_name":"L\u00ea Thanh SANG","author_link":"https:\/\/alumni.ctu.edu.vn\/channuoithuy\/author\/ltsang\/"},"comment_info":0,"_links":{"self":[{"href":"https:\/\/alumni.ctu.edu.vn\/channuoithuy\/wp-json\/wp\/v2\/pages\/1369","targetHints":{"allow":["GET"]}}],"collection":[{"href":"https:\/\/alumni.ctu.edu.vn\/channuoithuy\/wp-json\/wp\/v2\/pages"}],"about":[{"href":"https:\/\/alumni.ctu.edu.vn\/channuoithuy\/wp-json\/wp\/v2\/types\/page"}],"author":[{"embeddable":true,"href":"https:\/\/alumni.ctu.edu.vn\/channuoithuy\/wp-json\/wp\/v2\/users\/1"}],"replies":[{"embeddable":true,"href":"https:\/\/alumni.ctu.edu.vn\/channuoithuy\/wp-json\/wp\/v2\/comments?post=1369"}],"version-history":[{"count":21,"href":"https:\/\/alumni.ctu.edu.vn\/channuoithuy\/wp-json\/wp\/v2\/pages\/1369\/revisions"}],"predecessor-version":[{"id":1758,"href":"https:\/\/alumni.ctu.edu.vn\/channuoithuy\/wp-json\/wp\/v2\/pages\/1369\/revisions\/1758"}],"wp:attachment":[{"href":"https:\/\/alumni.ctu.edu.vn\/channuoithuy\/wp-json\/wp\/v2\/media?parent=1369"}],"curies":[{"name":"wp","href":"https:\/\/api.w.org\/{rel}","templated":true}]}}